{"id":13634,"date":"2020-05-23T11:54:33","date_gmt":"2020-05-23T11:54:33","guid":{"rendered":"https:\/\/rodriguezdevera.com\/pepe-rodriguez-de-vera\/"},"modified":"2025-04-07T12:47:32","modified_gmt":"2025-04-07T10:47:32","slug":"pepe-rodriguez-de-vera","status":"publish","type":"page","link":"https:\/\/rodriguezdevera.com\/en\/pepe-rodriguez-de-vera\/","title":{"rendered":"Pepe Rodr\u00edguez De Vera"},"content":{"rendered":"\t\t<div data-elementor-type=\"wp-page\" data-elementor-id=\"13634\" class=\"elementor elementor-13634 elementor-5791\" data-elementor-post-type=\"page\">\n\t\t\t\t\t\t<section class=\"elementor-section elementor-top-section elementor-element elementor-element-52382e0 elementor-section-boxed elementor-section-height-default elementor-section-height-default\" data-id=\"52382e0\" data-element_type=\"section\" data-settings=\"{&quot;background_background&quot;:&quot;classic&quot;}\">\n\t\t\t\t\t\t\t<div class=\"elementor-background-overlay\"><\/div>\n\t\t\t\t\t\t\t<div class=\"elementor-container elementor-column-gap-default\">\n\t\t\t\t\t<div class=\"elementor-column elementor-col-50 elementor-top-column elementor-element elementor-element-999007f\" data-id=\"999007f\" data-element_type=\"column\">\n\t\t\t<div class=\"elementor-widget-wrap elementor-element-populated\">\n\t\t\t\t\t\t<div class=\"elementor-element elementor-element-6eefa68 elementor-widget elementor-widget-text-editor\" data-id=\"6eefa68\" data-element_type=\"widget\" data-widget_type=\"text-editor.default\">\n\t\t\t\t<div class=\"elementor-widget-container\">\n\t\t\t\t\t\t\t\t\t<p>DipWSET and Master of Wine candidate<\/p>\t\t\t\t\t\t\t\t<\/div>\n\t\t\t\t<\/div>\n\t\t\t\t<div class=\"elementor-element elementor-element-b347b4f elementor-widget elementor-widget-heading\" data-id=\"b347b4f\" data-element_type=\"widget\" data-widget_type=\"heading.default\">\n\t\t\t\t<div class=\"elementor-widget-container\">\n\t\t\t\t\t<h1 class=\"elementor-heading-title elementor-size-default\">Pepe Rodr\u00edguez de Vera<\/h1>\t\t\t\t<\/div>\n\t\t\t\t<\/div>\n\t\t\t\t<div class=\"elementor-element elementor-element-4e7837a elementor-widget elementor-widget-text-editor\" data-id=\"4e7837a\" data-element_type=\"widget\" data-widget_type=\"text-editor.default\">\n\t\t\t\t<div class=\"elementor-widget-container\">\n\t\t\t\t\t\t\t\t\t<p>I come from the pharmaceutical industry. I used to run a well-known pharmacy in the center of Albacete until, in 2010, wine crossed my path.<\/p>\t\t\t\t\t\t\t\t<\/div>\n\t\t\t\t<\/div>\n\t\t\t\t\t<\/div>\n\t\t<\/div>\n\t\t\t\t<div class=\"elementor-column elementor-col-50 elementor-top-column elementor-element elementor-element-c7cbe48\" data-id=\"c7cbe48\" data-element_type=\"column\">\n\t\t\t<div class=\"elementor-widget-wrap\">\n\t\t\t\t\t\t\t<\/div>\n\t\t<\/div>\n\t\t\t\t\t<\/div>\n\t\t<\/section>\n\t\t\t\t<section class=\"elementor-section elementor-top-section elementor-element elementor-element-1baf083 elementor-section-full_width elementor-reverse-mobile elementor-section-height-default elementor-section-height-default\" data-id=\"1baf083\" data-element_type=\"section\" data-settings=\"{&quot;background_background&quot;:&quot;classic&quot;}\">\n\t\t\t\t\t\t<div class=\"elementor-container elementor-column-gap-default\">\n\t\t\t\t\t<div class=\"elementor-column elementor-col-33 elementor-top-column elementor-element elementor-element-eceb9b5\" data-id=\"eceb9b5\" data-element_type=\"column\" data-settings=\"{&quot;background_background&quot;:&quot;classic&quot;}\">\n\t\t\t<div class=\"elementor-widget-wrap elementor-element-populated\">\n\t\t\t\t\t\t<div class=\"elementor-element elementor-element-8083cae elementor-invisible elementor-widget elementor-widget-image\" data-id=\"8083cae\" data-element_type=\"widget\" data-settings=\"{&quot;_animation&quot;:&quot;fadeInLeft&quot;}\" data-widget_type=\"image.default\">\n\t\t\t\t<div class=\"elementor-widget-container\">\n\t\t\t\t\t\t\t\t\t\t\t\t\t\t\t<img fetchpriority=\"high\" decoding=\"async\" width=\"800\" height=\"533\" src=\"https:\/\/rodriguezdevera.com\/wp-content\/uploads\/2023\/10\/rodriguez-de-vera-vino.jpg\" class=\"attachment-large size-large wp-image-9076\" alt=\"\" srcset=\"https:\/\/rodriguezdevera.com\/wp-content\/uploads\/2023\/10\/rodriguez-de-vera-vino.jpg 950w, https:\/\/rodriguezdevera.com\/wp-content\/uploads\/2023\/10\/rodriguez-de-vera-vino-64x43.jpg 64w\" sizes=\"(max-width: 800px) 100vw, 800px\" \/>\t\t\t\t\t\t\t\t\t\t\t\t\t\t\t<\/div>\n\t\t\t\t<\/div>\n\t\t\t\t\t<\/div>\n\t\t<\/div>\n\t\t\t\t<div class=\"elementor-column elementor-col-33 elementor-top-column elementor-element elementor-element-3fccd6a\" data-id=\"3fccd6a\" data-element_type=\"column\">\n\t\t\t<div class=\"elementor-widget-wrap elementor-element-populated\">\n\t\t\t\t\t\t<div class=\"elementor-element elementor-element-baecf20 elementor-invisible elementor-widget elementor-widget-text-editor\" data-id=\"baecf20\" data-element_type=\"widget\" data-settings=\"{&quot;_animation&quot;:&quot;fadeIn&quot;,&quot;_animation_delay&quot;:400}\" data-widget_type=\"text-editor.default\">\n\t\t\t\t<div class=\"elementor-widget-container\">\n\t\t\t\t\t\t\t\t\t<p>My journey into the world of wine began when I discovered that the vineyards on a family-owned property\u2014known for producing the best Garnacha Tintorera grapes in the area\u2014were being used to blend into large tanks for mass-market wine.<\/p><p>That realization pushed me to start vinifying the grapes from these vineyards, with a commitment to showcasing the quality of the fruit and the unique identity of a very special terroir.<\/p><p>The beginnings were tough but exciting\u2014I started making wine in my home garage, with help from family and a few local producers.<\/p>\t\t\t\t\t\t\t\t<\/div>\n\t\t\t\t<\/div>\n\t\t\t\t\t<\/div>\n\t\t<\/div>\n\t\t\t\t<div class=\"elementor-column elementor-col-33 elementor-top-column elementor-element elementor-element-8e19bc1\" data-id=\"8e19bc1\" data-element_type=\"column\">\n\t\t\t<div class=\"elementor-widget-wrap\">\n\t\t\t\t\t\t\t<\/div>\n\t\t<\/div>\n\t\t\t\t\t<\/div>\n\t\t<\/section>\n\t\t\t\t<section class=\"elementor-section elementor-top-section elementor-element elementor-element-b89ebe4 elementor-section-full_width elementor-reverse-mobile elementor-section-height-min-height elementor-section-height-default elementor-section-items-middle\" data-id=\"b89ebe4\" data-element_type=\"section\" data-settings=\"{&quot;background_background&quot;:&quot;classic&quot;}\">\n\t\t\t\t\t\t\t<div class=\"elementor-background-overlay\"><\/div>\n\t\t\t\t\t\t\t<div class=\"elementor-container elementor-column-gap-default\">\n\t\t\t\t\t<div class=\"elementor-column elementor-col-33 elementor-top-column elementor-element elementor-element-f936988\" data-id=\"f936988\" data-element_type=\"column\">\n\t\t\t<div class=\"elementor-widget-wrap\">\n\t\t\t\t\t\t\t<\/div>\n\t\t<\/div>\n\t\t\t\t<div class=\"elementor-column elementor-col-33 elementor-top-column elementor-element elementor-element-5b71716\" data-id=\"5b71716\" data-element_type=\"column\">\n\t\t\t<div class=\"elementor-widget-wrap elementor-element-populated\">\n\t\t\t\t\t\t<div class=\"elementor-element elementor-element-5437adc elementor-widget__width-initial elementor-invisible elementor-widget elementor-widget-text-editor\" data-id=\"5437adc\" data-element_type=\"widget\" data-settings=\"{&quot;_animation&quot;:&quot;fadeIn&quot;,&quot;_animation_delay&quot;:400}\" data-widget_type=\"text-editor.default\">\n\t\t\t\t<div class=\"elementor-widget-container\">\n\t\t\t\t\t\t\t\t\t<p>Since then, I&#8217;ve been on a path of growth, always seeking new regions with untapped potential, driven by a commitment to making exceptional wines with a personal touch.<\/p><p>And so, my learning journey continued.<\/p>\t\t\t\t\t\t\t\t<\/div>\n\t\t\t\t<\/div>\n\t\t\t\t\t<\/div>\n\t\t<\/div>\n\t\t\t\t<div class=\"elementor-column elementor-col-33 elementor-top-column elementor-element elementor-element-528f9f0\" data-id=\"528f9f0\" data-element_type=\"column\" data-settings=\"{&quot;background_background&quot;:&quot;classic&quot;}\">\n\t\t\t<div class=\"elementor-widget-wrap\">\n\t\t\t\t\t\t\t<\/div>\n\t\t<\/div>\n\t\t\t\t\t<\/div>\n\t\t<\/section>\n\t\t\t\t<section class=\"elementor-section elementor-top-section elementor-element elementor-element-b02f94b elementor-section-full_width elementor-reverse-mobile elementor-section-height-default elementor-section-height-default\" data-id=\"b02f94b\" data-element_type=\"section\" data-settings=\"{&quot;background_background&quot;:&quot;classic&quot;}\">\n\t\t\t\t\t\t<div class=\"elementor-container elementor-column-gap-default\">\n\t\t\t\t\t<div class=\"elementor-column elementor-col-50 elementor-top-column elementor-element elementor-element-b0511c8\" data-id=\"b0511c8\" data-element_type=\"column\">\n\t\t\t<div class=\"elementor-widget-wrap elementor-element-populated\">\n\t\t\t\t\t\t<div class=\"elementor-element elementor-element-c65e3ff elementor-invisible elementor-widget elementor-widget-text-editor\" data-id=\"c65e3ff\" data-element_type=\"widget\" data-settings=\"{&quot;_animation&quot;:&quot;fadeIn&quot;,&quot;_animation_delay&quot;:400}\" data-widget_type=\"text-editor.default\">\n\t\t\t\t<div class=\"elementor-widget-container\">\n\t\t\t\t\t\t\t\t\t<p>Over the years, I\u2019ve delved deeper into my calling, exploring new regions where I see potential, always committed to crafting exceptional wines with a unique character.<\/p><p>My approach to wine is based on three pillars: unique vineyards, sustainable winemaking, and personal interpretation.<\/p>\t\t\t\t\t\t\t\t<\/div>\n\t\t\t\t<\/div>\n\t\t\t\t\t<\/div>\n\t\t<\/div>\n\t\t\t\t<div class=\"elementor-column elementor-col-50 elementor-top-column elementor-element elementor-element-7cac4e1\" data-id=\"7cac4e1\" data-element_type=\"column\" data-settings=\"{&quot;background_background&quot;:&quot;classic&quot;}\">\n\t\t\t<div class=\"elementor-widget-wrap elementor-element-populated\">\n\t\t\t\t\t\t<div class=\"elementor-element elementor-element-8f1b6a8 elementor-widget__width-initial elementor-invisible elementor-widget elementor-widget-image\" data-id=\"8f1b6a8\" data-element_type=\"widget\" data-settings=\"{&quot;_animation&quot;:&quot;fadeInLeft&quot;}\" data-widget_type=\"image.default\">\n\t\t\t\t<div class=\"elementor-widget-container\">\n\t\t\t\t\t\t\t\t\t\t\t\t\t\t\t<img decoding=\"async\" width=\"800\" height=\"800\" src=\"https:\/\/rodriguezdevera.com\/wp-content\/uploads\/2023\/10\/rodriguez-de-vera-vino-2.jpg\" class=\"attachment-large size-large wp-image-9077\" alt=\"\" srcset=\"https:\/\/rodriguezdevera.com\/wp-content\/uploads\/2023\/10\/rodriguez-de-vera-vino-2.jpg 950w, https:\/\/rodriguezdevera.com\/wp-content\/uploads\/2023\/10\/rodriguez-de-vera-vino-2-400x400.jpg 400w, https:\/\/rodriguezdevera.com\/wp-content\/uploads\/2023\/10\/rodriguez-de-vera-vino-2-100x100.jpg 100w, https:\/\/rodriguezdevera.com\/wp-content\/uploads\/2023\/10\/rodriguez-de-vera-vino-2-64x64.jpg 64w\" sizes=\"(max-width: 800px) 100vw, 800px\" \/>\t\t\t\t\t\t\t\t\t\t\t\t\t\t\t<\/div>\n\t\t\t\t<\/div>\n\t\t\t\t\t<\/div>\n\t\t<\/div>\n\t\t\t\t\t<\/div>\n\t\t<\/section>\n\t\t\t\t<section class=\"elementor-section elementor-top-section elementor-element elementor-element-3fcd2a7 elementor-section-full_width elementor-reverse-mobile elementor-section-height-default elementor-section-height-default\" data-id=\"3fcd2a7\" data-element_type=\"section\" data-settings=\"{&quot;background_background&quot;:&quot;classic&quot;}\">\n\t\t\t\t\t\t<div class=\"elementor-container elementor-column-gap-default\">\n\t\t\t\t\t<div class=\"elementor-column elementor-col-33 elementor-top-column elementor-element elementor-element-0b0b813\" data-id=\"0b0b813\" data-element_type=\"column\" data-settings=\"{&quot;background_background&quot;:&quot;classic&quot;}\">\n\t\t\t<div class=\"elementor-widget-wrap elementor-element-populated\">\n\t\t\t\t\t\t<div class=\"elementor-element elementor-element-3be3081 elementor-invisible elementor-widget elementor-widget-image\" data-id=\"3be3081\" data-element_type=\"widget\" data-settings=\"{&quot;_animation&quot;:&quot;fadeInLeft&quot;}\" data-widget_type=\"image.default\">\n\t\t\t\t<div class=\"elementor-widget-container\">\n\t\t\t\t\t\t\t\t\t\t\t\t\t\t\t<img decoding=\"async\" width=\"800\" height=\"534\" src=\"https:\/\/rodriguezdevera.com\/wp-content\/uploads\/2023\/10\/enoturismo5.jpg\" class=\"attachment-large size-large wp-image-9080\" alt=\"\" srcset=\"https:\/\/rodriguezdevera.com\/wp-content\/uploads\/2023\/10\/enoturismo5.jpg 950w, https:\/\/rodriguezdevera.com\/wp-content\/uploads\/2023\/10\/enoturismo5-64x43.jpg 64w\" sizes=\"(max-width: 800px) 100vw, 800px\" \/>\t\t\t\t\t\t\t\t\t\t\t\t\t\t\t<\/div>\n\t\t\t\t<\/div>\n\t\t\t\t\t<\/div>\n\t\t<\/div>\n\t\t\t\t<div class=\"elementor-column elementor-col-33 elementor-top-column elementor-element elementor-element-6f363ab\" data-id=\"6f363ab\" data-element_type=\"column\">\n\t\t\t<div class=\"elementor-widget-wrap elementor-element-populated\">\n\t\t\t\t\t\t<div class=\"elementor-element elementor-element-ec03797 elementor-invisible elementor-widget elementor-widget-text-editor\" data-id=\"ec03797\" data-element_type=\"widget\" data-settings=\"{&quot;_animation&quot;:&quot;fadeIn&quot;,&quot;_animation_delay&quot;:400}\" data-widget_type=\"text-editor.default\">\n\t\t\t\t<div class=\"elementor-widget-container\">\n\t\t\t\t\t\t\t\t\t<p>I always seek out distinctive vineyards\u2014plots with their own identity and great potential.<\/p><p>Often, these are ancient vineyards that have been neglected or mistreated to the point of dying. I work to recover and restore them, giving them the attention and recognition they&#8217;ve long deserved.<\/p><p>I aim to intervene as little as possible and always in the most respectful way. I avoid chemicals and artificial additives, but use common sense to ensure the wine truly reflects its grape variety, region, and typicity.<\/p><p>At the same time, I bring in my own interpretation, drawing inspiration from local culture to create new ways of making wine.<\/p>\t\t\t\t\t\t\t\t<\/div>\n\t\t\t\t<\/div>\n\t\t\t\t\t<\/div>\n\t\t<\/div>\n\t\t\t\t<div class=\"elementor-column elementor-col-33 elementor-top-column elementor-element elementor-element-f7dd7ce\" data-id=\"f7dd7ce\" data-element_type=\"column\">\n\t\t\t<div class=\"elementor-widget-wrap\">\n\t\t\t\t\t\t\t<\/div>\n\t\t<\/div>\n\t\t\t\t\t<\/div>\n\t\t<\/section>\n\t\t\t\t<\/div>\n\t\t","protected":false},"excerpt":{"rendered":"<p>DipWSET and Master of Wine candidate Pepe Rodr\u00edguez de Vera I come from the pharmaceutical industry. I used to run a well-known pharmacy in the center of Albacete until, in 2010, wine crossed my path. My journey into the world of wine began when I discovered that the vineyards on a family-owned property\u2014known for producing [&hellip;]<\/p>\n","protected":false},"author":3,"featured_media":13375,"parent":0,"menu_order":0,"comment_status":"closed","ping_status":"closed","template":"elementor_header_footer","meta":{"_acf_changed":false,"footnotes":""},"class_list":["post-13634","page","type-page","status-publish","has-post-thumbnail","hentry"],"acf":[],"yoast_head":"<!-- This site is optimized with the Yoast SEO plugin v24.8.1 - https:\/\/yoast.com\/wordpress\/plugins\/seo\/ -->\n<title>Pepe Rodr\u00edguez de Vera - Vi\u00f1ador<\/title>\n<meta name=\"description\" content=\"Pepe Rodr\u00edguez de Vera Productor de vino con 6 proyectos en diferentes regiones de de Espa\u00f1a y candidato a Master of Wine\" \/>\n<meta name=\"robots\" content=\"index, follow, max-snippet:-1, max-image-preview:large, max-video-preview:-1\" \/>\n<link rel=\"canonical\" href=\"https:\/\/rodriguezdevera.com\/en\/pepe-rodriguez-de-vera\/\" \/>\n<meta property=\"og:locale\" content=\"en_US\" \/>\n<meta property=\"og:type\" content=\"article\" \/>\n<meta property=\"og:title\" content=\"Pepe Rodr\u00edguez de Vera - Vi\u00f1ador\" \/>\n<meta property=\"og:description\" content=\"Pepe Rodr\u00edguez de Vera Productor de vino con 6 proyectos en diferentes regiones de de Espa\u00f1a y candidato a Master of Wine\" \/>\n<meta property=\"og:url\" content=\"https:\/\/rodriguezdevera.com\/en\/pepe-rodriguez-de-vera\/\" \/>\n<meta property=\"og:site_name\" content=\"Pepe Rodriguez de Vera\" \/>\n<meta property=\"article:publisher\" content=\"https:\/\/es-es.facebook.com\/BodegaRodriguezDeVera\/\" \/>\n<meta property=\"article:modified_time\" content=\"2025-04-07T10:47:32+00:00\" \/>\n<meta property=\"og:image\" content=\"https:\/\/rodriguezdevera.com\/wp-content\/uploads\/2023\/11\/pepe-rodriguez-de-vera.jpeg\" \/>\n\t<meta property=\"og:image:width\" content=\"1600\" \/>\n\t<meta property=\"og:image:height\" content=\"1600\" \/>\n\t<meta property=\"og:image:type\" content=\"image\/jpeg\" \/>\n<meta name=\"twitter:card\" content=\"summary_large_image\" \/>\n<meta name=\"twitter:site\" content=\"@VinoRodeVera\" \/>\n<meta name=\"twitter:label1\" content=\"Est. reading time\" \/>\n\t<meta name=\"twitter:data1\" content=\"3 minutes\" \/>\n<script type=\"application\/ld+json\" class=\"yoast-schema-graph\">{\"@context\":\"https:\/\/schema.org\",\"@graph\":[{\"@type\":\"WebPage\",\"@id\":\"https:\/\/rodriguezdevera.com\/en\/pepe-rodriguez-de-vera\/\",\"url\":\"https:\/\/rodriguezdevera.com\/en\/pepe-rodriguez-de-vera\/\",\"name\":\"Pepe Rodr\u00edguez de Vera - Vi\u00f1ador\",\"isPartOf\":{\"@id\":\"https:\/\/rodriguezdevera.com\/en\/#website\"},\"primaryImageOfPage\":{\"@id\":\"https:\/\/rodriguezdevera.com\/en\/pepe-rodriguez-de-vera\/#primaryimage\"},\"image\":{\"@id\":\"https:\/\/rodriguezdevera.com\/en\/pepe-rodriguez-de-vera\/#primaryimage\"},\"thumbnailUrl\":\"https:\/\/rodriguezdevera.com\/wp-content\/uploads\/2023\/11\/pepe-rodriguez-de-vera.jpeg\",\"datePublished\":\"2020-05-23T11:54:33+00:00\",\"dateModified\":\"2025-04-07T10:47:32+00:00\",\"description\":\"Pepe Rodr\u00edguez de Vera Productor de vino con 6 proyectos en diferentes regiones de de Espa\u00f1a y candidato a Master of Wine\",\"breadcrumb\":{\"@id\":\"https:\/\/rodriguezdevera.com\/en\/pepe-rodriguez-de-vera\/#breadcrumb\"},\"inLanguage\":\"en-US\",\"potentialAction\":[{\"@type\":\"ReadAction\",\"target\":[\"https:\/\/rodriguezdevera.com\/en\/pepe-rodriguez-de-vera\/\"]}]},{\"@type\":\"ImageObject\",\"inLanguage\":\"en-US\",\"@id\":\"https:\/\/rodriguezdevera.com\/en\/pepe-rodriguez-de-vera\/#primaryimage\",\"url\":\"https:\/\/rodriguezdevera.com\/wp-content\/uploads\/2023\/11\/pepe-rodriguez-de-vera.jpeg\",\"contentUrl\":\"https:\/\/rodriguezdevera.com\/wp-content\/uploads\/2023\/11\/pepe-rodriguez-de-vera.jpeg\",\"width\":1600,\"height\":1600},{\"@type\":\"BreadcrumbList\",\"@id\":\"https:\/\/rodriguezdevera.com\/en\/pepe-rodriguez-de-vera\/#breadcrumb\",\"itemListElement\":[{\"@type\":\"ListItem\",\"position\":1,\"name\":\"Portada\",\"item\":\"https:\/\/rodriguezdevera.com\/en\/\"},{\"@type\":\"ListItem\",\"position\":2,\"name\":\"Pepe Rodr\u00edguez De Vera\"}]},{\"@type\":\"WebSite\",\"@id\":\"https:\/\/rodriguezdevera.com\/en\/#website\",\"url\":\"https:\/\/rodriguezdevera.com\/en\/\",\"name\":\"Pepe Rodriguez de Vera\",\"description\":\"\",\"publisher\":{\"@id\":\"https:\/\/rodriguezdevera.com\/en\/#organization\"},\"potentialAction\":[{\"@type\":\"SearchAction\",\"target\":{\"@type\":\"EntryPoint\",\"urlTemplate\":\"https:\/\/rodriguezdevera.com\/en\/?s={search_term_string}\"},\"query-input\":{\"@type\":\"PropertyValueSpecification\",\"valueRequired\":true,\"valueName\":\"search_term_string\"}}],\"inLanguage\":\"en-US\"},{\"@type\":\"Organization\",\"@id\":\"https:\/\/rodriguezdevera.com\/en\/#organization\",\"name\":\"Rodriguez de Vera - Coleccionista de Proyectos\",\"url\":\"https:\/\/rodriguezdevera.com\/en\/\",\"logo\":{\"@type\":\"ImageObject\",\"inLanguage\":\"en-US\",\"@id\":\"https:\/\/rodriguezdevera.com\/en\/#\/schema\/logo\/image\/\",\"url\":\"https:\/\/rodriguezdevera.com\/wp-content\/uploads\/2021\/05\/logov2.png\",\"contentUrl\":\"https:\/\/rodriguezdevera.com\/wp-content\/uploads\/2021\/05\/logov2.png\",\"width\":160,\"height\":162,\"caption\":\"Rodriguez de Vera - Coleccionista de Proyectos\"},\"image\":{\"@id\":\"https:\/\/rodriguezdevera.com\/en\/#\/schema\/logo\/image\/\"},\"sameAs\":[\"https:\/\/es-es.facebook.com\/BodegaRodriguezDeVera\/\",\"https:\/\/x.com\/VinoRodeVera\",\"https:\/\/www.instagram.com\/rodriguezdevera.wine\",\"https:\/\/www.linkedin.com\/company\/rodriguez-de-vera-cellar\/\"]}]}<\/script>\n<!-- \/ Yoast SEO plugin. -->","yoast_head_json":{"title":"Pepe Rodr\u00edguez de Vera - Vi\u00f1ador","description":"Pepe Rodr\u00edguez de Vera Productor de vino con 6 proyectos en diferentes regiones de de Espa\u00f1a y candidato a Master of Wine","robots":{"index":"index","follow":"follow","max-snippet":"max-snippet:-1","max-image-preview":"max-image-preview:large","max-video-preview":"max-video-preview:-1"},"canonical":"https:\/\/rodriguezdevera.com\/en\/pepe-rodriguez-de-vera\/","og_locale":"en_US","og_type":"article","og_title":"Pepe Rodr\u00edguez de Vera - Vi\u00f1ador","og_description":"Pepe Rodr\u00edguez de Vera Productor de vino con 6 proyectos en diferentes regiones de de Espa\u00f1a y candidato a Master of Wine","og_url":"https:\/\/rodriguezdevera.com\/en\/pepe-rodriguez-de-vera\/","og_site_name":"Pepe Rodriguez de Vera","article_publisher":"https:\/\/es-es.facebook.com\/BodegaRodriguezDeVera\/","article_modified_time":"2025-04-07T10:47:32+00:00","og_image":[{"width":1600,"height":1600,"url":"https:\/\/rodriguezdevera.com\/wp-content\/uploads\/2023\/11\/pepe-rodriguez-de-vera.jpeg","type":"image\/jpeg"}],"twitter_card":"summary_large_image","twitter_site":"@VinoRodeVera","twitter_misc":{"Est. reading time":"3 minutes"},"schema":{"@context":"https:\/\/schema.org","@graph":[{"@type":"WebPage","@id":"https:\/\/rodriguezdevera.com\/en\/pepe-rodriguez-de-vera\/","url":"https:\/\/rodriguezdevera.com\/en\/pepe-rodriguez-de-vera\/","name":"Pepe Rodr\u00edguez de Vera - Vi\u00f1ador","isPartOf":{"@id":"https:\/\/rodriguezdevera.com\/en\/#website"},"primaryImageOfPage":{"@id":"https:\/\/rodriguezdevera.com\/en\/pepe-rodriguez-de-vera\/#primaryimage"},"image":{"@id":"https:\/\/rodriguezdevera.com\/en\/pepe-rodriguez-de-vera\/#primaryimage"},"thumbnailUrl":"https:\/\/rodriguezdevera.com\/wp-content\/uploads\/2023\/11\/pepe-rodriguez-de-vera.jpeg","datePublished":"2020-05-23T11:54:33+00:00","dateModified":"2025-04-07T10:47:32+00:00","description":"Pepe Rodr\u00edguez de Vera Productor de vino con 6 proyectos en diferentes regiones de de Espa\u00f1a y candidato a Master of Wine","breadcrumb":{"@id":"https:\/\/rodriguezdevera.com\/en\/pepe-rodriguez-de-vera\/#breadcrumb"},"inLanguage":"en-US","potentialAction":[{"@type":"ReadAction","target":["https:\/\/rodriguezdevera.com\/en\/pepe-rodriguez-de-vera\/"]}]},{"@type":"ImageObject","inLanguage":"en-US","@id":"https:\/\/rodriguezdevera.com\/en\/pepe-rodriguez-de-vera\/#primaryimage","url":"https:\/\/rodriguezdevera.com\/wp-content\/uploads\/2023\/11\/pepe-rodriguez-de-vera.jpeg","contentUrl":"https:\/\/rodriguezdevera.com\/wp-content\/uploads\/2023\/11\/pepe-rodriguez-de-vera.jpeg","width":1600,"height":1600},{"@type":"BreadcrumbList","@id":"https:\/\/rodriguezdevera.com\/en\/pepe-rodriguez-de-vera\/#breadcrumb","itemListElement":[{"@type":"ListItem","position":1,"name":"Portada","item":"https:\/\/rodriguezdevera.com\/en\/"},{"@type":"ListItem","position":2,"name":"Pepe Rodr\u00edguez De Vera"}]},{"@type":"WebSite","@id":"https:\/\/rodriguezdevera.com\/en\/#website","url":"https:\/\/rodriguezdevera.com\/en\/","name":"Pepe Rodriguez de Vera","description":"","publisher":{"@id":"https:\/\/rodriguezdevera.com\/en\/#organization"},"potentialAction":[{"@type":"SearchAction","target":{"@type":"EntryPoint","urlTemplate":"https:\/\/rodriguezdevera.com\/en\/?s={search_term_string}"},"query-input":{"@type":"PropertyValueSpecification","valueRequired":true,"valueName":"search_term_string"}}],"inLanguage":"en-US"},{"@type":"Organization","@id":"https:\/\/rodriguezdevera.com\/en\/#organization","name":"Rodriguez de Vera - Coleccionista de Proyectos","url":"https:\/\/rodriguezdevera.com\/en\/","logo":{"@type":"ImageObject","inLanguage":"en-US","@id":"https:\/\/rodriguezdevera.com\/en\/#\/schema\/logo\/image\/","url":"https:\/\/rodriguezdevera.com\/wp-content\/uploads\/2021\/05\/logov2.png","contentUrl":"https:\/\/rodriguezdevera.com\/wp-content\/uploads\/2021\/05\/logov2.png","width":160,"height":162,"caption":"Rodriguez de Vera - Coleccionista de Proyectos"},"image":{"@id":"https:\/\/rodriguezdevera.com\/en\/#\/schema\/logo\/image\/"},"sameAs":["https:\/\/es-es.facebook.com\/BodegaRodriguezDeVera\/","https:\/\/x.com\/VinoRodeVera","https:\/\/www.instagram.com\/rodriguezdevera.wine","https:\/\/www.linkedin.com\/company\/rodriguez-de-vera-cellar\/"]}]}},"_links":{"self":[{"href":"https:\/\/rodriguezdevera.com\/en\/wp-json\/wp\/v2\/pages\/13634","targetHints":{"allow":["GET"]}}],"collection":[{"href":"https:\/\/rodriguezdevera.com\/en\/wp-json\/wp\/v2\/pages"}],"about":[{"href":"https:\/\/rodriguezdevera.com\/en\/wp-json\/wp\/v2\/types\/page"}],"author":[{"embeddable":true,"href":"https:\/\/rodriguezdevera.com\/en\/wp-json\/wp\/v2\/users\/3"}],"replies":[{"embeddable":true,"href":"https:\/\/rodriguezdevera.com\/en\/wp-json\/wp\/v2\/comments?post=13634"}],"version-history":[{"count":7,"href":"https:\/\/rodriguezdevera.com\/en\/wp-json\/wp\/v2\/pages\/13634\/revisions"}],"predecessor-version":[{"id":13642,"href":"https:\/\/rodriguezdevera.com\/en\/wp-json\/wp\/v2\/pages\/13634\/revisions\/13642"}],"wp:featuredmedia":[{"embeddable":true,"href":"https:\/\/rodriguezdevera.com\/en\/wp-json\/wp\/v2\/media\/13375"}],"wp:attachment":[{"href":"https:\/\/rodriguezdevera.com\/en\/wp-json\/wp\/v2\/media?parent=13634"}],"curies":[{"name":"wp","href":"https:\/\/api.w.org\/{rel}","templated":true}]}}