{"id":13770,"date":"2021-06-06T14:45:14","date_gmt":"2021-06-06T14:45:14","guid":{"rendered":"https:\/\/rodriguezdevera.com\/matacan\/"},"modified":"2025-04-11T10:16:58","modified_gmt":"2025-04-11T08:16:58","slug":"matacan","status":"publish","type":"page","link":"https:\/\/rodriguezdevera.com\/en\/matacan\/","title":{"rendered":"Matac\u00e1n"},"content":{"rendered":"\t\t<div data-elementor-type=\"wp-page\" data-elementor-id=\"13770\" class=\"elementor elementor-13770 elementor-6760\" data-elementor-post-type=\"page\">\n\t\t\t\t\t\t<section class=\"elementor-section elementor-top-section elementor-element elementor-element-a3048f9 elementor-section-height-min-height elementor-section-boxed elementor-section-height-default elementor-section-items-middle\" data-id=\"a3048f9\" data-element_type=\"section\" data-settings=\"{&quot;background_background&quot;:&quot;classic&quot;}\">\n\t\t\t\t\t\t\t<div class=\"elementor-background-overlay\"><\/div>\n\t\t\t\t\t\t\t<div class=\"elementor-container elementor-column-gap-default\">\n\t\t\t\t\t<div class=\"elementor-column elementor-col-100 elementor-top-column elementor-element elementor-element-45c62c3\" data-id=\"45c62c3\" data-element_type=\"column\">\n\t\t\t<div class=\"elementor-widget-wrap elementor-element-populated\">\n\t\t\t\t\t\t<div class=\"elementor-element elementor-element-7c05873 elementor-widget elementor-widget-heading\" data-id=\"7c05873\" data-element_type=\"widget\" data-widget_type=\"heading.default\">\n\t\t\t\t<div class=\"elementor-widget-container\">\n\t\t\t\t\t<h1 class=\"elementor-heading-title elementor-size-default\">Matac\u00e1n<\/h1>\t\t\t\t<\/div>\n\t\t\t\t<\/div>\n\t\t\t\t<div class=\"elementor-element elementor-element-5bba171 elementor-widget elementor-widget-text-editor\" data-id=\"5bba171\" data-element_type=\"widget\" data-widget_type=\"text-editor.default\">\n\t\t\t\t<div class=\"elementor-widget-container\">\n\t\t\t\t\t\t\t\t\t<p>Where I place all my expectations for creating something truly exceptional.<\/p>\t\t\t\t\t\t\t\t<\/div>\n\t\t\t\t<\/div>\n\t\t\t\t<div class=\"elementor-element elementor-element-f4c18d6 elementor-view-default elementor-widget elementor-widget-icon\" data-id=\"f4c18d6\" data-element_type=\"widget\" data-widget_type=\"icon.default\">\n\t\t\t\t<div class=\"elementor-widget-container\">\n\t\t\t\t\t\t\t<div class=\"elementor-icon-wrapper\">\n\t\t\t<div class=\"elementor-icon\">\n\t\t\t<i aria-hidden=\"true\" class=\"fas fa-chevron-down\"><\/i>\t\t\t<\/div>\n\t\t<\/div>\n\t\t\t\t\t\t<\/div>\n\t\t\t\t<\/div>\n\t\t\t\t\t<\/div>\n\t\t<\/div>\n\t\t\t\t\t<\/div>\n\t\t<\/section>\n\t\t\t\t<section class=\"elementor-section elementor-top-section elementor-element elementor-element-d27af48 elementor-section-boxed elementor-section-height-default elementor-section-height-default\" data-id=\"d27af48\" data-element_type=\"section\">\n\t\t\t\t\t\t<div class=\"elementor-container elementor-column-gap-default\">\n\t\t\t\t\t<div class=\"elementor-column elementor-col-50 elementor-top-column elementor-element elementor-element-f918d52 elementor-invisible\" data-id=\"f918d52\" data-element_type=\"column\" data-settings=\"{&quot;animation&quot;:&quot;slideInUp&quot;}\">\n\t\t\t<div class=\"elementor-widget-wrap elementor-element-populated\">\n\t\t\t\t\t\t<div class=\"elementor-element elementor-element-eb70735 elementor-widget elementor-widget-heading\" data-id=\"eb70735\" data-element_type=\"widget\" data-widget_type=\"heading.default\">\n\t\t\t\t<div class=\"elementor-widget-container\">\n\t\t\t\t\t<h2 class=\"elementor-heading-title elementor-size-default\">The Crown Jewel<\/h2>\t\t\t\t<\/div>\n\t\t\t\t<\/div>\n\t\t\t\t<div class=\"elementor-element elementor-element-3334ac4 elementor-invisible elementor-widget elementor-widget-text-editor\" data-id=\"3334ac4\" data-element_type=\"widget\" data-settings=\"{&quot;_animation&quot;:&quot;fadeIn&quot;,&quot;_animation_delay&quot;:400}\" data-widget_type=\"text-editor.default\">\n\t\t\t\t<div class=\"elementor-widget-container\">\n\t\t\t\t\t\t\t\t\t<p>Matac\u00e1n is born from the barrel selected as the finest across all my projects.<\/p><p>It won\u2019t be released every year.<\/p><p>It will only be released when a vintage produces an outstanding barrel.<\/p><p>That barrel is destined for excellence, following a process that is special, meticulous, and demanding.<\/p><p>This is the most exclusive wine I produce, due to its extraordinary rarity and extremely limited production\u2014just a single barrel.<\/p><p>Given the diversity of projects, Matac\u00e1n may vary from year to year in grape varieties, styles, or regions of origin.<\/p><p>This wine represents my essence, my precision, and my pursuit of excellence\u2014ensuring the highest possible quality.<\/p><p>A wine where I pour all my hopes of achieving something truly great.<\/p>\t\t\t\t\t\t\t\t<\/div>\n\t\t\t\t<\/div>\n\t\t\t\t\t<\/div>\n\t\t<\/div>\n\t\t\t\t<div class=\"elementor-column elementor-col-50 elementor-top-column elementor-element elementor-element-2d600fe\" data-id=\"2d600fe\" data-element_type=\"column\" data-settings=\"{&quot;background_background&quot;:&quot;classic&quot;}\">\n\t\t\t<div class=\"elementor-widget-wrap elementor-element-populated\">\n\t\t\t\t\t\t<div class=\"elementor-element elementor-element-6e18b0e elementor-invisible elementor-widget elementor-widget-image\" data-id=\"6e18b0e\" data-element_type=\"widget\" data-settings=\"{&quot;_animation&quot;:&quot;fadeInRight&quot;}\" data-widget_type=\"image.default\">\n\t\t\t\t<div class=\"elementor-widget-container\">\n\t\t\t\t\t\t\t\t\t\t\t\t\t\t\t<img fetchpriority=\"high\" decoding=\"async\" width=\"768\" height=\"1024\" src=\"https:\/\/rodriguezdevera.com\/wp-content\/uploads\/2023\/10\/uvas.jpg\" class=\"attachment-large size-large wp-image-9445\" alt=\"\" srcset=\"https:\/\/rodriguezdevera.com\/wp-content\/uploads\/2023\/10\/uvas.jpg 850w, https:\/\/rodriguezdevera.com\/wp-content\/uploads\/2023\/10\/uvas-64x85.jpg 64w\" sizes=\"(max-width: 768px) 100vw, 768px\" \/>\t\t\t\t\t\t\t\t\t\t\t\t\t\t\t<\/div>\n\t\t\t\t<\/div>\n\t\t\t\t\t<\/div>\n\t\t<\/div>\n\t\t\t\t\t<\/div>\n\t\t<\/section>\n\t\t\t\t<section class=\"elementor-section elementor-top-section elementor-element elementor-element-d2fed9f elementor-section-boxed elementor-section-height-default elementor-section-height-default\" data-id=\"d2fed9f\" data-element_type=\"section\">\n\t\t\t\t\t\t<div class=\"elementor-container elementor-column-gap-default\">\n\t\t\t\t\t<div class=\"elementor-column elementor-col-100 elementor-top-column elementor-element elementor-element-376709a\" data-id=\"376709a\" data-element_type=\"column\">\n\t\t\t<div class=\"elementor-widget-wrap elementor-element-populated\">\n\t\t\t\t\t\t<div class=\"elementor-element elementor-element-2e86cfe elementor-widget elementor-widget-tp-product-listout\" data-id=\"2e86cfe\" data-element_type=\"widget\" data-widget_type=\"tp-product-listout.default\">\n\t\t\t\t<div class=\"elementor-widget-container\">\n\t\t\t\t\t<div id=\"pt-plus-product-list\" class=\"product-list post69d294c78ef13 tp-pro-l-type-page_listing   list-isotope  product-style-1  \"  data-layout-type=\"fitRows\"   data-id=\"post69d294c78ef13\" data-style=\"style-1\"   dir= data-enable-isotope=\"1\" filter-type = \"normal\"><div class=\"spinner\"><div><\/div><div><\/div><div><\/div><div><\/div><div><\/div><div><\/div><div><\/div><div><\/div><div><\/div><div><\/div><\/div><div id=\"post69d294c78ef13\" class=\"tp-row post-inner-loop  post69d294c78ef13 text-center tp_list\"  data-extparam= '{\"loading-opt\":\"skeleton\",\"URL-para\":\"\"}'      data-widgetId = 2e86cfe><div class=\"grid-item metro-item  tp-col-lg-6 tp-col-md-4 tp-col-sm-6 tp-col-6  \"><article id=\"post-1267\" class=\"post-1267 product type-product status-publish has-post-thumbnail product_cat-matacan product_cat-vinos product_tag-matacan product_tag-rodriguez-de-vera first instock featured shipping-taxable purchasable product-type-simple\">\r\n\t<div class=\"product-list-content\">\r\n\t\t\t\t\t<div class=\"product-content-image\">\r\n\t\t\t\t\t\t\t\t\t\t<a href=\"https:\/\/rodriguezdevera.com\/en\/producto\/matacan\/\" class=\"product-image\" title=\"\">\r\n\t\t\t\t\t\t\t\t<div class=\"product-featured-image\">\r\n\t<span class=\"thumb-wrap\">\r\n\t\t<img decoding=\"async\" width=\"700\" height=\"700\" src=\"https:\/\/rodriguezdevera.com\/wp-content\/uploads\/2014\/11\/matacan-tinto.png\" class=\"attachment-tp-image-grid size-tp-image-grid\" alt=\"\" srcset=\"https:\/\/rodriguezdevera.com\/wp-content\/uploads\/2014\/11\/matacan-tinto.png 2640w, https:\/\/rodriguezdevera.com\/wp-content\/uploads\/2014\/11\/matacan-tinto-400x400.png 400w, https:\/\/rodriguezdevera.com\/wp-content\/uploads\/2014\/11\/matacan-tinto-100x100.png 100w, https:\/\/rodriguezdevera.com\/wp-content\/uploads\/2014\/11\/matacan-tinto-64x64.png 64w\" sizes=\"(max-width: 700px) 100vw, 700px\" \/>\t<\/span>\r\n\t<\/div>\r\n\t\t\t\t\t\t\t<\/a>\r\n\t\t\t\t\t\t\t\t<\/div>\r\n\t\t\t\t\r\n\t\t<div class=\"post-content-bottom\">\r\n\t\t\t\t\t\t<h3 class=\"post-title\">\r\n\t<a href=\"https:\/\/rodriguezdevera.com\/en\/producto\/matacan\/\" title=\"Matac\u00e1n 2022\">\r\n\tMatac\u00e1n 2022\r\n\r\n<\/a>\r\n<\/h3>\r\n\t\t\t\r\n\t\t\t\t\t\t\t\t\r\n\t\t\t<div class=\"wrapper-cart-price\">\r\n\t\t<span class=\"price\"><span class=\"woocommerce-Price-amount amount\"><bdi>252,60<span class=\"woocommerce-Price-currencySymbol\">&euro;<\/span><\/bdi><\/span><\/span>\r\n<\/div>\r\n\t\t\t\r\n\t\t<\/div>\r\n\t\t\r\n\t\t\t<\/div>\r\n<\/article>\r\n<\/div><\/div><\/div>\t\t\t\t<\/div>\n\t\t\t\t<\/div>\n\t\t\t\t\t<\/div>\n\t\t<\/div>\n\t\t\t\t\t<\/div>\n\t\t<\/section>\n\t\t\t\t<\/div>\n\t\t","protected":false},"excerpt":{"rendered":"<p>Matac\u00e1n Where I place all my expectations for creating something truly exceptional. The Crown Jewel Matac\u00e1n is born from the barrel selected as the finest across all my projects. It won\u2019t be released every year. It will only be released when a vintage produces an outstanding barrel. That barrel is destined for excellence, following a [&hellip;]<\/p>\n","protected":false},"author":3,"featured_media":0,"parent":0,"menu_order":0,"comment_status":"closed","ping_status":"closed","template":"elementor_header_footer","meta":{"_acf_changed":false,"footnotes":""},"class_list":["post-13770","page","type-page","status-publish","hentry"],"acf":[],"yoast_head":"<!-- This site is optimized with the Yoast SEO plugin v24.8.1 - https:\/\/yoast.com\/wordpress\/plugins\/seo\/ -->\n<title>Matac\u00e1n - Pepe Rodriguez de Vera<\/title>\n<meta name=\"robots\" content=\"index, follow, max-snippet:-1, max-image-preview:large, max-video-preview:-1\" \/>\n<link rel=\"canonical\" href=\"https:\/\/rodriguezdevera.com\/en\/matacan\/\" \/>\n<meta property=\"og:locale\" content=\"en_US\" \/>\n<meta property=\"og:type\" content=\"article\" \/>\n<meta property=\"og:title\" content=\"Matac\u00e1n - Pepe Rodriguez de Vera\" \/>\n<meta property=\"og:description\" content=\"Matac\u00e1n Where I place all my expectations for creating something truly exceptional. The Crown Jewel Matac\u00e1n is born from the barrel selected as the finest across all my projects. It won\u2019t be released every year. It will only be released when a vintage produces an outstanding barrel. That barrel is destined for excellence, following a [&hellip;]\" \/>\n<meta property=\"og:url\" content=\"https:\/\/rodriguezdevera.com\/en\/matacan\/\" \/>\n<meta property=\"og:site_name\" content=\"Pepe Rodriguez de Vera\" \/>\n<meta property=\"article:publisher\" content=\"https:\/\/es-es.facebook.com\/BodegaRodriguezDeVera\/\" \/>\n<meta property=\"article:modified_time\" content=\"2025-04-11T08:16:58+00:00\" \/>\n<meta property=\"og:image\" content=\"https:\/\/rodriguezdevera.com\/wp-content\/uploads\/2023\/10\/uvas.jpg\" \/>\n\t<meta property=\"og:image:width\" content=\"850\" \/>\n\t<meta property=\"og:image:height\" content=\"1133\" \/>\n\t<meta property=\"og:image:type\" content=\"image\/jpeg\" \/>\n<meta name=\"twitter:card\" content=\"summary_large_image\" \/>\n<meta name=\"twitter:site\" content=\"@VinoRodeVera\" \/>\n<meta name=\"twitter:label1\" content=\"Est. reading time\" \/>\n\t<meta name=\"twitter:data1\" content=\"12 minutes\" \/>\n<script type=\"application\/ld+json\" class=\"yoast-schema-graph\">{\"@context\":\"https:\/\/schema.org\",\"@graph\":[{\"@type\":\"WebPage\",\"@id\":\"https:\/\/rodriguezdevera.com\/en\/matacan\/\",\"url\":\"https:\/\/rodriguezdevera.com\/en\/matacan\/\",\"name\":\"Matac\u00e1n - Pepe Rodriguez de Vera\",\"isPartOf\":{\"@id\":\"https:\/\/rodriguezdevera.com\/en\/#website\"},\"primaryImageOfPage\":{\"@id\":\"https:\/\/rodriguezdevera.com\/en\/matacan\/#primaryimage\"},\"image\":{\"@id\":\"https:\/\/rodriguezdevera.com\/en\/matacan\/#primaryimage\"},\"thumbnailUrl\":\"https:\/\/rodriguezdevera.com\/wp-content\/uploads\/2023\/10\/uvas.jpg\",\"datePublished\":\"2021-06-06T14:45:14+00:00\",\"dateModified\":\"2025-04-11T08:16:58+00:00\",\"breadcrumb\":{\"@id\":\"https:\/\/rodriguezdevera.com\/en\/matacan\/#breadcrumb\"},\"inLanguage\":\"en-US\",\"potentialAction\":[{\"@type\":\"ReadAction\",\"target\":[\"https:\/\/rodriguezdevera.com\/en\/matacan\/\"]}]},{\"@type\":\"ImageObject\",\"inLanguage\":\"en-US\",\"@id\":\"https:\/\/rodriguezdevera.com\/en\/matacan\/#primaryimage\",\"url\":\"https:\/\/rodriguezdevera.com\/wp-content\/uploads\/2023\/10\/uvas.jpg\",\"contentUrl\":\"https:\/\/rodriguezdevera.com\/wp-content\/uploads\/2023\/10\/uvas.jpg\"},{\"@type\":\"BreadcrumbList\",\"@id\":\"https:\/\/rodriguezdevera.com\/en\/matacan\/#breadcrumb\",\"itemListElement\":[{\"@type\":\"ListItem\",\"position\":1,\"name\":\"Portada\",\"item\":\"https:\/\/rodriguezdevera.com\/en\/\"},{\"@type\":\"ListItem\",\"position\":2,\"name\":\"Matac\u00e1n\"}]},{\"@type\":\"WebSite\",\"@id\":\"https:\/\/rodriguezdevera.com\/en\/#website\",\"url\":\"https:\/\/rodriguezdevera.com\/en\/\",\"name\":\"Pepe Rodriguez de Vera\",\"description\":\"\",\"publisher\":{\"@id\":\"https:\/\/rodriguezdevera.com\/en\/#organization\"},\"potentialAction\":[{\"@type\":\"SearchAction\",\"target\":{\"@type\":\"EntryPoint\",\"urlTemplate\":\"https:\/\/rodriguezdevera.com\/en\/?s={search_term_string}\"},\"query-input\":{\"@type\":\"PropertyValueSpecification\",\"valueRequired\":true,\"valueName\":\"search_term_string\"}}],\"inLanguage\":\"en-US\"},{\"@type\":\"Organization\",\"@id\":\"https:\/\/rodriguezdevera.com\/en\/#organization\",\"name\":\"Rodriguez de Vera - Coleccionista de Proyectos\",\"url\":\"https:\/\/rodriguezdevera.com\/en\/\",\"logo\":{\"@type\":\"ImageObject\",\"inLanguage\":\"en-US\",\"@id\":\"https:\/\/rodriguezdevera.com\/en\/#\/schema\/logo\/image\/\",\"url\":\"https:\/\/rodriguezdevera.com\/wp-content\/uploads\/2021\/05\/logov2.png\",\"contentUrl\":\"https:\/\/rodriguezdevera.com\/wp-content\/uploads\/2021\/05\/logov2.png\",\"width\":160,\"height\":162,\"caption\":\"Rodriguez de Vera - Coleccionista de Proyectos\"},\"image\":{\"@id\":\"https:\/\/rodriguezdevera.com\/en\/#\/schema\/logo\/image\/\"},\"sameAs\":[\"https:\/\/es-es.facebook.com\/BodegaRodriguezDeVera\/\",\"https:\/\/x.com\/VinoRodeVera\",\"https:\/\/www.instagram.com\/rodriguezdevera.wine\",\"https:\/\/www.linkedin.com\/company\/rodriguez-de-vera-cellar\/\"]}]}<\/script>\n<!-- \/ Yoast SEO plugin. -->","yoast_head_json":{"title":"Matac\u00e1n - Pepe Rodriguez de Vera","robots":{"index":"index","follow":"follow","max-snippet":"max-snippet:-1","max-image-preview":"max-image-preview:large","max-video-preview":"max-video-preview:-1"},"canonical":"https:\/\/rodriguezdevera.com\/en\/matacan\/","og_locale":"en_US","og_type":"article","og_title":"Matac\u00e1n - Pepe Rodriguez de Vera","og_description":"Matac\u00e1n Where I place all my expectations for creating something truly exceptional. The Crown Jewel Matac\u00e1n is born from the barrel selected as the finest across all my projects. It won\u2019t be released every year. It will only be released when a vintage produces an outstanding barrel. That barrel is destined for excellence, following a [&hellip;]","og_url":"https:\/\/rodriguezdevera.com\/en\/matacan\/","og_site_name":"Pepe Rodriguez de Vera","article_publisher":"https:\/\/es-es.facebook.com\/BodegaRodriguezDeVera\/","article_modified_time":"2025-04-11T08:16:58+00:00","og_image":[{"width":850,"height":1133,"url":"https:\/\/rodriguezdevera.com\/wp-content\/uploads\/2023\/10\/uvas.jpg","type":"image\/jpeg"}],"twitter_card":"summary_large_image","twitter_site":"@VinoRodeVera","twitter_misc":{"Est. reading time":"12 minutes"},"schema":{"@context":"https:\/\/schema.org","@graph":[{"@type":"WebPage","@id":"https:\/\/rodriguezdevera.com\/en\/matacan\/","url":"https:\/\/rodriguezdevera.com\/en\/matacan\/","name":"Matac\u00e1n - Pepe Rodriguez de Vera","isPartOf":{"@id":"https:\/\/rodriguezdevera.com\/en\/#website"},"primaryImageOfPage":{"@id":"https:\/\/rodriguezdevera.com\/en\/matacan\/#primaryimage"},"image":{"@id":"https:\/\/rodriguezdevera.com\/en\/matacan\/#primaryimage"},"thumbnailUrl":"https:\/\/rodriguezdevera.com\/wp-content\/uploads\/2023\/10\/uvas.jpg","datePublished":"2021-06-06T14:45:14+00:00","dateModified":"2025-04-11T08:16:58+00:00","breadcrumb":{"@id":"https:\/\/rodriguezdevera.com\/en\/matacan\/#breadcrumb"},"inLanguage":"en-US","potentialAction":[{"@type":"ReadAction","target":["https:\/\/rodriguezdevera.com\/en\/matacan\/"]}]},{"@type":"ImageObject","inLanguage":"en-US","@id":"https:\/\/rodriguezdevera.com\/en\/matacan\/#primaryimage","url":"https:\/\/rodriguezdevera.com\/wp-content\/uploads\/2023\/10\/uvas.jpg","contentUrl":"https:\/\/rodriguezdevera.com\/wp-content\/uploads\/2023\/10\/uvas.jpg"},{"@type":"BreadcrumbList","@id":"https:\/\/rodriguezdevera.com\/en\/matacan\/#breadcrumb","itemListElement":[{"@type":"ListItem","position":1,"name":"Portada","item":"https:\/\/rodriguezdevera.com\/en\/"},{"@type":"ListItem","position":2,"name":"Matac\u00e1n"}]},{"@type":"WebSite","@id":"https:\/\/rodriguezdevera.com\/en\/#website","url":"https:\/\/rodriguezdevera.com\/en\/","name":"Pepe Rodriguez de Vera","description":"","publisher":{"@id":"https:\/\/rodriguezdevera.com\/en\/#organization"},"potentialAction":[{"@type":"SearchAction","target":{"@type":"EntryPoint","urlTemplate":"https:\/\/rodriguezdevera.com\/en\/?s={search_term_string}"},"query-input":{"@type":"PropertyValueSpecification","valueRequired":true,"valueName":"search_term_string"}}],"inLanguage":"en-US"},{"@type":"Organization","@id":"https:\/\/rodriguezdevera.com\/en\/#organization","name":"Rodriguez de Vera - Coleccionista de Proyectos","url":"https:\/\/rodriguezdevera.com\/en\/","logo":{"@type":"ImageObject","inLanguage":"en-US","@id":"https:\/\/rodriguezdevera.com\/en\/#\/schema\/logo\/image\/","url":"https:\/\/rodriguezdevera.com\/wp-content\/uploads\/2021\/05\/logov2.png","contentUrl":"https:\/\/rodriguezdevera.com\/wp-content\/uploads\/2021\/05\/logov2.png","width":160,"height":162,"caption":"Rodriguez de Vera - Coleccionista de Proyectos"},"image":{"@id":"https:\/\/rodriguezdevera.com\/en\/#\/schema\/logo\/image\/"},"sameAs":["https:\/\/es-es.facebook.com\/BodegaRodriguezDeVera\/","https:\/\/x.com\/VinoRodeVera","https:\/\/www.instagram.com\/rodriguezdevera.wine","https:\/\/www.linkedin.com\/company\/rodriguez-de-vera-cellar\/"]}]}},"_links":{"self":[{"href":"https:\/\/rodriguezdevera.com\/en\/wp-json\/wp\/v2\/pages\/13770","targetHints":{"allow":["GET"]}}],"collection":[{"href":"https:\/\/rodriguezdevera.com\/en\/wp-json\/wp\/v2\/pages"}],"about":[{"href":"https:\/\/rodriguezdevera.com\/en\/wp-json\/wp\/v2\/types\/page"}],"author":[{"embeddable":true,"href":"https:\/\/rodriguezdevera.com\/en\/wp-json\/wp\/v2\/users\/3"}],"replies":[{"embeddable":true,"href":"https:\/\/rodriguezdevera.com\/en\/wp-json\/wp\/v2\/comments?post=13770"}],"version-history":[{"count":4,"href":"https:\/\/rodriguezdevera.com\/en\/wp-json\/wp\/v2\/pages\/13770\/revisions"}],"predecessor-version":[{"id":13774,"href":"https:\/\/rodriguezdevera.com\/en\/wp-json\/wp\/v2\/pages\/13770\/revisions\/13774"}],"wp:attachment":[{"href":"https:\/\/rodriguezdevera.com\/en\/wp-json\/wp\/v2\/media?parent=13770"}],"curies":[{"name":"wp","href":"https:\/\/api.w.org\/{rel}","templated":true}]}}