{"id":10410,"date":"2024-06-21T14:39:54","date_gmt":"2024-06-21T12:39:54","guid":{"rendered":"https:\/\/rodriguezdevera.com\/?post_type=product&#038;p=10410"},"modified":"2025-12-01T10:32:21","modified_gmt":"2025-12-01T09:32:21","slug":"sopla-poniente-fino-cerro-de-la-capellania","status":"publish","type":"product","link":"https:\/\/rodriguezdevera.com\/en\/producto\/sopla-poniente-fino-cerro-de-la-capellania\/","title":{"rendered":"Sopla Poniente Fino Cerro De La Capellan\u00eda"},"content":{"rendered":"","protected":false},"excerpt":{"rendered":"<p><span class=\"OYPEnA text-decoration-none text-strikethrough-none\">Fino en rama viej\u00edsimo muy raro y limitado de mas de 30 a\u00f1os en crianza biol\u00f3gica est\u00e1tica elaborado con Pedro Ximenez de Montilla Moriles sin fortificar.<\/span><\/p>\n<p><strong>Bodega:<\/strong>\u00a0Sopla Poniente<br \/>\n<strong>Zona:<\/strong> Montilla &#8211; Moriles<br \/>\n<strong>Saca:<\/strong> 2024<br \/>\n<strong>Tipo:<\/strong> Fino<br \/>\n<strong>Variedad:<\/strong>\u00a0Pedro Xim\u00e9nez<br \/>\n<strong>Producci\u00f3n:<\/strong> 400 botellas de 0.50L<br \/>\n<strong>Elaboraci\u00f3n:<\/strong> 30 a\u00f1os de crianza biol\u00f3gica<\/p>\n<p>&nbsp;<\/p>\n","protected":false},"featured_media":12212,"comment_status":"closed","ping_status":"closed","template":"","meta":{"_acf_changed":false},"product_cat":[104,9],"product_tag":[122,118],"class_list":{"0":"post-10410","1":"product","2":"type-product","3":"status-publish","4":"has-post-thumbnail","6":"product_cat-sopla-poniente","7":"product_cat-vinos","8":"product_tag-fino","9":"product_tag-sopla-poniente","11":"first","12":"instock","13":"featured","14":"shipping-taxable","15":"purchasable","16":"product-type-simple"},"acf":[],"yoast_head":"<!-- This site is optimized with the Yoast SEO plugin v24.8.1 - https:\/\/yoast.com\/wordpress\/plugins\/seo\/ -->\n<title>Sopla Poniente Fino Cerro De La Capellan\u00eda - Pepe Rodriguez de Vera<\/title>\n<meta name=\"robots\" content=\"index, follow, max-snippet:-1, max-image-preview:large, max-video-preview:-1\" \/>\n<link rel=\"canonical\" href=\"https:\/\/rodriguezdevera.com\/en\/producto\/sopla-poniente-fino-cerro-de-la-capellania\/\" \/>\n<meta property=\"og:locale\" content=\"en_US\" \/>\n<meta property=\"og:type\" content=\"article\" \/>\n<meta property=\"og:title\" content=\"Sopla Poniente Fino Cerro De La Capellan\u00eda - Pepe Rodriguez de Vera\" \/>\n<meta property=\"og:description\" content=\"Fino en rama viej\u00edsimo muy raro y limitado de mas de 30 a\u00f1os en crianza biol\u00f3gica est\u00e1tica elaborado con Pedro Ximenez de Montilla Moriles sin fortificar.  Bodega:\u00a0Sopla Poniente Zona: Montilla - Moriles Saca: 2024 Tipo: Fino Variedad:\u00a0Pedro Xim\u00e9nez Producci\u00f3n: 400 botellas de 0.50L Elaboraci\u00f3n: 30 a\u00f1os de crianza biol\u00f3gica  &nbsp;\" \/>\n<meta property=\"og:url\" content=\"https:\/\/rodriguezdevera.com\/en\/producto\/sopla-poniente-fino-cerro-de-la-capellania\/\" \/>\n<meta property=\"og:site_name\" content=\"Pepe Rodriguez de Vera\" \/>\n<meta property=\"article:publisher\" content=\"https:\/\/es-es.facebook.com\/BodegaRodriguezDeVera\/\" \/>\n<meta property=\"article:modified_time\" content=\"2025-12-01T09:32:21+00:00\" \/>\n<meta property=\"og:image\" content=\"https:\/\/rodriguezdevera.com\/wp-content\/uploads\/2024\/06\/Sopla-Poniente-Fino-Cerro-de-la-Capellania-copia.png\" \/>\n\t<meta property=\"og:image:width\" content=\"1000\" \/>\n\t<meta property=\"og:image:height\" content=\"1000\" \/>\n\t<meta property=\"og:image:type\" content=\"image\/png\" \/>\n<meta name=\"twitter:card\" content=\"summary_large_image\" \/>\n<meta name=\"twitter:site\" content=\"@VinoRodeVera\" \/>\n<meta name=\"twitter:label1\" content=\"Est. reading time\" \/>\n\t<meta name=\"twitter:data1\" content=\"1 minute\" \/>\n<script type=\"application\/ld+json\" class=\"yoast-schema-graph\">{\"@context\":\"https:\/\/schema.org\",\"@graph\":[{\"@type\":\"WebPage\",\"@id\":\"https:\/\/rodriguezdevera.com\/en\/producto\/sopla-poniente-fino-cerro-de-la-capellania\/\",\"url\":\"https:\/\/rodriguezdevera.com\/en\/producto\/sopla-poniente-fino-cerro-de-la-capellania\/\",\"name\":\"Sopla Poniente Fino Cerro De La Capellan\u00eda - Pepe Rodriguez de Vera\",\"isPartOf\":{\"@id\":\"https:\/\/rodriguezdevera.com\/en\/#website\"},\"primaryImageOfPage\":{\"@id\":\"https:\/\/rodriguezdevera.com\/en\/producto\/sopla-poniente-fino-cerro-de-la-capellania\/#primaryimage\"},\"image\":{\"@id\":\"https:\/\/rodriguezdevera.com\/en\/producto\/sopla-poniente-fino-cerro-de-la-capellania\/#primaryimage\"},\"thumbnailUrl\":\"https:\/\/rodriguezdevera.com\/wp-content\/uploads\/2024\/06\/Sopla-Poniente-Fino-Cerro-de-la-Capellania-copia.png\",\"datePublished\":\"2024-06-21T12:39:54+00:00\",\"dateModified\":\"2025-12-01T09:32:21+00:00\",\"breadcrumb\":{\"@id\":\"https:\/\/rodriguezdevera.com\/en\/producto\/sopla-poniente-fino-cerro-de-la-capellania\/#breadcrumb\"},\"inLanguage\":\"en-US\",\"potentialAction\":[{\"@type\":\"ReadAction\",\"target\":[\"https:\/\/rodriguezdevera.com\/en\/producto\/sopla-poniente-fino-cerro-de-la-capellania\/\"]}]},{\"@type\":\"ImageObject\",\"inLanguage\":\"en-US\",\"@id\":\"https:\/\/rodriguezdevera.com\/en\/producto\/sopla-poniente-fino-cerro-de-la-capellania\/#primaryimage\",\"url\":\"https:\/\/rodriguezdevera.com\/wp-content\/uploads\/2024\/06\/Sopla-Poniente-Fino-Cerro-de-la-Capellania-copia.png\",\"contentUrl\":\"https:\/\/rodriguezdevera.com\/wp-content\/uploads\/2024\/06\/Sopla-Poniente-Fino-Cerro-de-la-Capellania-copia.png\",\"width\":1000,\"height\":1000},{\"@type\":\"BreadcrumbList\",\"@id\":\"https:\/\/rodriguezdevera.com\/en\/producto\/sopla-poniente-fino-cerro-de-la-capellania\/#breadcrumb\",\"itemListElement\":[{\"@type\":\"ListItem\",\"position\":1,\"name\":\"Portada\",\"item\":\"https:\/\/rodriguezdevera.com\/en\/\"},{\"@type\":\"ListItem\",\"position\":2,\"name\":\"Shop\",\"item\":\"https:\/\/rodriguezdevera.com\/en\/shop\/\"},{\"@type\":\"ListItem\",\"position\":3,\"name\":\"Sopla Poniente Fino Cerro De La Capellan\u00eda\"}]},{\"@type\":\"WebSite\",\"@id\":\"https:\/\/rodriguezdevera.com\/en\/#website\",\"url\":\"https:\/\/rodriguezdevera.com\/en\/\",\"name\":\"Pepe Rodriguez de Vera\",\"description\":\"\",\"publisher\":{\"@id\":\"https:\/\/rodriguezdevera.com\/en\/#organization\"},\"potentialAction\":[{\"@type\":\"SearchAction\",\"target\":{\"@type\":\"EntryPoint\",\"urlTemplate\":\"https:\/\/rodriguezdevera.com\/en\/?s={search_term_string}\"},\"query-input\":{\"@type\":\"PropertyValueSpecification\",\"valueRequired\":true,\"valueName\":\"search_term_string\"}}],\"inLanguage\":\"en-US\"},{\"@type\":\"Organization\",\"@id\":\"https:\/\/rodriguezdevera.com\/en\/#organization\",\"name\":\"Rodriguez de Vera - Coleccionista de Proyectos\",\"url\":\"https:\/\/rodriguezdevera.com\/en\/\",\"logo\":{\"@type\":\"ImageObject\",\"inLanguage\":\"en-US\",\"@id\":\"https:\/\/rodriguezdevera.com\/en\/#\/schema\/logo\/image\/\",\"url\":\"https:\/\/rodriguezdevera.com\/wp-content\/uploads\/2021\/05\/logov2.png\",\"contentUrl\":\"https:\/\/rodriguezdevera.com\/wp-content\/uploads\/2021\/05\/logov2.png\",\"width\":160,\"height\":162,\"caption\":\"Rodriguez de Vera - Coleccionista de Proyectos\"},\"image\":{\"@id\":\"https:\/\/rodriguezdevera.com\/en\/#\/schema\/logo\/image\/\"},\"sameAs\":[\"https:\/\/es-es.facebook.com\/BodegaRodriguezDeVera\/\",\"https:\/\/x.com\/VinoRodeVera\",\"https:\/\/www.instagram.com\/rodriguezdevera.wine\",\"https:\/\/www.linkedin.com\/company\/rodriguez-de-vera-cellar\/\"]}]}<\/script>\n<!-- \/ Yoast SEO plugin. -->","yoast_head_json":{"title":"Sopla Poniente Fino Cerro De La Capellan\u00eda - Pepe Rodriguez de Vera","robots":{"index":"index","follow":"follow","max-snippet":"max-snippet:-1","max-image-preview":"max-image-preview:large","max-video-preview":"max-video-preview:-1"},"canonical":"https:\/\/rodriguezdevera.com\/en\/producto\/sopla-poniente-fino-cerro-de-la-capellania\/","og_locale":"en_US","og_type":"article","og_title":"Sopla Poniente Fino Cerro De La Capellan\u00eda - Pepe Rodriguez de Vera","og_description":"Fino en rama viej\u00edsimo muy raro y limitado de mas de 30 a\u00f1os en crianza biol\u00f3gica est\u00e1tica elaborado con Pedro Ximenez de Montilla Moriles sin fortificar.  Bodega:\u00a0Sopla Poniente Zona: Montilla - Moriles Saca: 2024 Tipo: Fino Variedad:\u00a0Pedro Xim\u00e9nez Producci\u00f3n: 400 botellas de 0.50L Elaboraci\u00f3n: 30 a\u00f1os de crianza biol\u00f3gica  &nbsp;","og_url":"https:\/\/rodriguezdevera.com\/en\/producto\/sopla-poniente-fino-cerro-de-la-capellania\/","og_site_name":"Pepe Rodriguez de Vera","article_publisher":"https:\/\/es-es.facebook.com\/BodegaRodriguezDeVera\/","article_modified_time":"2025-12-01T09:32:21+00:00","og_image":[{"width":1000,"height":1000,"url":"https:\/\/rodriguezdevera.com\/wp-content\/uploads\/2024\/06\/Sopla-Poniente-Fino-Cerro-de-la-Capellania-copia.png","type":"image\/png"}],"twitter_card":"summary_large_image","twitter_site":"@VinoRodeVera","twitter_misc":{"Est. reading time":"1 minute"},"schema":{"@context":"https:\/\/schema.org","@graph":[{"@type":"WebPage","@id":"https:\/\/rodriguezdevera.com\/en\/producto\/sopla-poniente-fino-cerro-de-la-capellania\/","url":"https:\/\/rodriguezdevera.com\/en\/producto\/sopla-poniente-fino-cerro-de-la-capellania\/","name":"Sopla Poniente Fino Cerro De La Capellan\u00eda - Pepe Rodriguez de Vera","isPartOf":{"@id":"https:\/\/rodriguezdevera.com\/en\/#website"},"primaryImageOfPage":{"@id":"https:\/\/rodriguezdevera.com\/en\/producto\/sopla-poniente-fino-cerro-de-la-capellania\/#primaryimage"},"image":{"@id":"https:\/\/rodriguezdevera.com\/en\/producto\/sopla-poniente-fino-cerro-de-la-capellania\/#primaryimage"},"thumbnailUrl":"https:\/\/rodriguezdevera.com\/wp-content\/uploads\/2024\/06\/Sopla-Poniente-Fino-Cerro-de-la-Capellania-copia.png","datePublished":"2024-06-21T12:39:54+00:00","dateModified":"2025-12-01T09:32:21+00:00","breadcrumb":{"@id":"https:\/\/rodriguezdevera.com\/en\/producto\/sopla-poniente-fino-cerro-de-la-capellania\/#breadcrumb"},"inLanguage":"en-US","potentialAction":[{"@type":"ReadAction","target":["https:\/\/rodriguezdevera.com\/en\/producto\/sopla-poniente-fino-cerro-de-la-capellania\/"]}]},{"@type":"ImageObject","inLanguage":"en-US","@id":"https:\/\/rodriguezdevera.com\/en\/producto\/sopla-poniente-fino-cerro-de-la-capellania\/#primaryimage","url":"https:\/\/rodriguezdevera.com\/wp-content\/uploads\/2024\/06\/Sopla-Poniente-Fino-Cerro-de-la-Capellania-copia.png","contentUrl":"https:\/\/rodriguezdevera.com\/wp-content\/uploads\/2024\/06\/Sopla-Poniente-Fino-Cerro-de-la-Capellania-copia.png","width":1000,"height":1000},{"@type":"BreadcrumbList","@id":"https:\/\/rodriguezdevera.com\/en\/producto\/sopla-poniente-fino-cerro-de-la-capellania\/#breadcrumb","itemListElement":[{"@type":"ListItem","position":1,"name":"Portada","item":"https:\/\/rodriguezdevera.com\/en\/"},{"@type":"ListItem","position":2,"name":"Shop","item":"https:\/\/rodriguezdevera.com\/en\/shop\/"},{"@type":"ListItem","position":3,"name":"Sopla Poniente Fino Cerro De La Capellan\u00eda"}]},{"@type":"WebSite","@id":"https:\/\/rodriguezdevera.com\/en\/#website","url":"https:\/\/rodriguezdevera.com\/en\/","name":"Pepe Rodriguez de Vera","description":"","publisher":{"@id":"https:\/\/rodriguezdevera.com\/en\/#organization"},"potentialAction":[{"@type":"SearchAction","target":{"@type":"EntryPoint","urlTemplate":"https:\/\/rodriguezdevera.com\/en\/?s={search_term_string}"},"query-input":{"@type":"PropertyValueSpecification","valueRequired":true,"valueName":"search_term_string"}}],"inLanguage":"en-US"},{"@type":"Organization","@id":"https:\/\/rodriguezdevera.com\/en\/#organization","name":"Rodriguez de Vera - Coleccionista de Proyectos","url":"https:\/\/rodriguezdevera.com\/en\/","logo":{"@type":"ImageObject","inLanguage":"en-US","@id":"https:\/\/rodriguezdevera.com\/en\/#\/schema\/logo\/image\/","url":"https:\/\/rodriguezdevera.com\/wp-content\/uploads\/2021\/05\/logov2.png","contentUrl":"https:\/\/rodriguezdevera.com\/wp-content\/uploads\/2021\/05\/logov2.png","width":160,"height":162,"caption":"Rodriguez de Vera - Coleccionista de Proyectos"},"image":{"@id":"https:\/\/rodriguezdevera.com\/en\/#\/schema\/logo\/image\/"},"sameAs":["https:\/\/es-es.facebook.com\/BodegaRodriguezDeVera\/","https:\/\/x.com\/VinoRodeVera","https:\/\/www.instagram.com\/rodriguezdevera.wine","https:\/\/www.linkedin.com\/company\/rodriguez-de-vera-cellar\/"]}]}},"_links":{"self":[{"href":"https:\/\/rodriguezdevera.com\/en\/wp-json\/wp\/v2\/product\/10410","targetHints":{"allow":["GET"]}}],"collection":[{"href":"https:\/\/rodriguezdevera.com\/en\/wp-json\/wp\/v2\/product"}],"about":[{"href":"https:\/\/rodriguezdevera.com\/en\/wp-json\/wp\/v2\/types\/product"}],"replies":[{"embeddable":true,"href":"https:\/\/rodriguezdevera.com\/en\/wp-json\/wp\/v2\/comments?post=10410"}],"wp:featuredmedia":[{"embeddable":true,"href":"https:\/\/rodriguezdevera.com\/en\/wp-json\/wp\/v2\/media\/12212"}],"wp:attachment":[{"href":"https:\/\/rodriguezdevera.com\/en\/wp-json\/wp\/v2\/media?parent=10410"}],"wp:term":[{"taxonomy":"product_cat","embeddable":true,"href":"https:\/\/rodriguezdevera.com\/en\/wp-json\/wp\/v2\/product_cat?post=10410"},{"taxonomy":"product_tag","embeddable":true,"href":"https:\/\/rodriguezdevera.com\/en\/wp-json\/wp\/v2\/product_tag?post=10410"}],"curies":[{"name":"wp","href":"https:\/\/api.w.org\/{rel}","templated":true}]}}