{"id":1394,"date":"2016-12-19T10:19:43","date_gmt":"2016-12-19T09:19:43","guid":{"rendered":"https:\/\/rodriguezdevera.com\/en\/producto\/atalaque-moscatel-2015\/"},"modified":"2025-02-12T17:10:57","modified_gmt":"2025-02-12T16:10:57","slug":"atalaque-moscatel-del-horcajo","status":"publish","type":"product","link":"https:\/\/rodriguezdevera.com\/en\/producto\/atalaque-moscatel-del-horcajo\/","title":{"rendered":"Atalaque Moscatel del Horcajo"},"content":{"rendered":"","protected":false},"excerpt":{"rendered":"<p><span class=\"OYPEnA text-decoration-none text-strikethrough-none\">Moscatel de Grano menudo envejecido en el sistema de Solera con barricas viejas de Set\u00fabal, que representan un estilo \u00fanico en la regi\u00f3n. Vino muy complejo con d\u00e9cadas de potencial de envejecimiento.<\/span><\/p>\n<p><strong>Bodega:<\/strong>\u00a0Atalaque<br \/>\n<strong>Zona:<\/strong> M\u00e9ntrida<br \/>\n<strong>Saca:<\/strong> 2025<br \/>\n<strong>Tipo:<\/strong> Dulce<br \/>\n<strong>Variedad:<\/strong> Moscatel de Grano Menudo<br \/>\n<strong>Producci\u00f3n:<\/strong> 980 botellas de 0.5L<br \/>\n<strong>Elaboraci\u00f3n:<\/strong> Naturalmente dulce, crianza oxidativa en el sistema de soleras y criaderas con barrica viejas de Set\u00fabal<\/p>\n","protected":false},"featured_media":12155,"comment_status":"closed","ping_status":"closed","template":"","meta":{"_acf_changed":false},"product_cat":[166],"product_tag":[54,55,56,48],"class_list":{"0":"post-1394","1":"product","2":"type-product","3":"status-publish","4":"has-post-thumbnail","6":"product_cat-atalaque-en","7":"product_tag-atalaque-en","8":"product_tag-d-o-mentrida-en","9":"product_tag-moscatel-en","10":"product_tag-rodriguez-de-vera-en","12":"first","13":"instock","14":"featured","15":"shipping-taxable","16":"purchasable","17":"product-type-simple"},"acf":[],"yoast_head":"<!-- This site is optimized with the Yoast SEO plugin v24.8.1 - https:\/\/yoast.com\/wordpress\/plugins\/seo\/ -->\n<title>Atalaque Moscatel del Horcajo - Pepe Rodriguez de Vera<\/title>\n<meta name=\"robots\" content=\"index, follow, max-snippet:-1, max-image-preview:large, max-video-preview:-1\" \/>\n<link rel=\"canonical\" href=\"https:\/\/rodriguezdevera.com\/en\/producto\/atalaque-moscatel-del-horcajo\/\" \/>\n<meta property=\"og:locale\" content=\"en_US\" \/>\n<meta property=\"og:type\" content=\"article\" \/>\n<meta property=\"og:title\" content=\"Atalaque Moscatel del Horcajo - Pepe Rodriguez de Vera\" \/>\n<meta property=\"og:description\" content=\"Moscatel de Grano menudo envejecido en el sistema de Solera con barricas viejas de Set\u00fabal, que representan un estilo \u00fanico en la regi\u00f3n. Vino muy complejo con d\u00e9cadas de potencial de envejecimiento.  Bodega:\u00a0Atalaque Zona: M\u00e9ntrida Saca: 2025 Tipo: Dulce Variedad: Moscatel de Grano Menudo Producci\u00f3n: 980 botellas de 0.5L Elaboraci\u00f3n: Naturalmente dulce, crianza oxidativa en el sistema de soleras y criaderas con barrica viejas de Set\u00fabal\" \/>\n<meta property=\"og:url\" content=\"https:\/\/rodriguezdevera.com\/en\/producto\/atalaque-moscatel-del-horcajo\/\" \/>\n<meta property=\"og:site_name\" content=\"Pepe Rodriguez de Vera\" \/>\n<meta property=\"article:publisher\" content=\"https:\/\/es-es.facebook.com\/BodegaRodriguezDeVera\/\" \/>\n<meta property=\"article:modified_time\" content=\"2025-02-12T16:10:57+00:00\" \/>\n<meta property=\"og:image\" content=\"https:\/\/rodriguezdevera.com\/wp-content\/uploads\/2016\/12\/Atalaque-Moscatel-del-Horcajo-copia.png\" \/>\n\t<meta property=\"og:image:width\" content=\"1000\" \/>\n\t<meta property=\"og:image:height\" content=\"1000\" \/>\n\t<meta property=\"og:image:type\" content=\"image\/png\" \/>\n<meta name=\"twitter:card\" content=\"summary_large_image\" \/>\n<meta name=\"twitter:site\" content=\"@VinoRodeVera\" \/>\n<meta name=\"twitter:label1\" content=\"Est. reading time\" \/>\n\t<meta name=\"twitter:data1\" content=\"1 minute\" \/>\n<script type=\"application\/ld+json\" class=\"yoast-schema-graph\">{\"@context\":\"https:\/\/schema.org\",\"@graph\":[{\"@type\":\"WebPage\",\"@id\":\"https:\/\/rodriguezdevera.com\/en\/producto\/atalaque-moscatel-del-horcajo\/\",\"url\":\"https:\/\/rodriguezdevera.com\/en\/producto\/atalaque-moscatel-del-horcajo\/\",\"name\":\"Atalaque Moscatel del Horcajo - Pepe Rodriguez de Vera\",\"isPartOf\":{\"@id\":\"https:\/\/rodriguezdevera.com\/en\/#website\"},\"primaryImageOfPage\":{\"@id\":\"https:\/\/rodriguezdevera.com\/en\/producto\/atalaque-moscatel-del-horcajo\/#primaryimage\"},\"image\":{\"@id\":\"https:\/\/rodriguezdevera.com\/en\/producto\/atalaque-moscatel-del-horcajo\/#primaryimage\"},\"thumbnailUrl\":\"https:\/\/rodriguezdevera.com\/wp-content\/uploads\/2016\/12\/Atalaque-Moscatel-del-Horcajo-copia.png\",\"datePublished\":\"2016-12-19T09:19:43+00:00\",\"dateModified\":\"2025-02-12T16:10:57+00:00\",\"breadcrumb\":{\"@id\":\"https:\/\/rodriguezdevera.com\/en\/producto\/atalaque-moscatel-del-horcajo\/#breadcrumb\"},\"inLanguage\":\"en-US\",\"potentialAction\":[{\"@type\":\"ReadAction\",\"target\":[\"https:\/\/rodriguezdevera.com\/en\/producto\/atalaque-moscatel-del-horcajo\/\"]}]},{\"@type\":\"ImageObject\",\"inLanguage\":\"en-US\",\"@id\":\"https:\/\/rodriguezdevera.com\/en\/producto\/atalaque-moscatel-del-horcajo\/#primaryimage\",\"url\":\"https:\/\/rodriguezdevera.com\/wp-content\/uploads\/2016\/12\/Atalaque-Moscatel-del-Horcajo-copia.png\",\"contentUrl\":\"https:\/\/rodriguezdevera.com\/wp-content\/uploads\/2016\/12\/Atalaque-Moscatel-del-Horcajo-copia.png\",\"width\":1000,\"height\":1000},{\"@type\":\"BreadcrumbList\",\"@id\":\"https:\/\/rodriguezdevera.com\/en\/producto\/atalaque-moscatel-del-horcajo\/#breadcrumb\",\"itemListElement\":[{\"@type\":\"ListItem\",\"position\":1,\"name\":\"Portada\",\"item\":\"https:\/\/rodriguezdevera.com\/en\/\"},{\"@type\":\"ListItem\",\"position\":2,\"name\":\"Shop\",\"item\":\"https:\/\/rodriguezdevera.com\/en\/shop\/\"},{\"@type\":\"ListItem\",\"position\":3,\"name\":\"Atalaque Moscatel del Horcajo\"}]},{\"@type\":\"WebSite\",\"@id\":\"https:\/\/rodriguezdevera.com\/en\/#website\",\"url\":\"https:\/\/rodriguezdevera.com\/en\/\",\"name\":\"Pepe Rodriguez de Vera\",\"description\":\"\",\"publisher\":{\"@id\":\"https:\/\/rodriguezdevera.com\/en\/#organization\"},\"potentialAction\":[{\"@type\":\"SearchAction\",\"target\":{\"@type\":\"EntryPoint\",\"urlTemplate\":\"https:\/\/rodriguezdevera.com\/en\/?s={search_term_string}\"},\"query-input\":{\"@type\":\"PropertyValueSpecification\",\"valueRequired\":true,\"valueName\":\"search_term_string\"}}],\"inLanguage\":\"en-US\"},{\"@type\":\"Organization\",\"@id\":\"https:\/\/rodriguezdevera.com\/en\/#organization\",\"name\":\"Rodriguez de Vera - Coleccionista de Proyectos\",\"url\":\"https:\/\/rodriguezdevera.com\/en\/\",\"logo\":{\"@type\":\"ImageObject\",\"inLanguage\":\"en-US\",\"@id\":\"https:\/\/rodriguezdevera.com\/en\/#\/schema\/logo\/image\/\",\"url\":\"https:\/\/rodriguezdevera.com\/wp-content\/uploads\/2021\/05\/logov2.png\",\"contentUrl\":\"https:\/\/rodriguezdevera.com\/wp-content\/uploads\/2021\/05\/logov2.png\",\"width\":160,\"height\":162,\"caption\":\"Rodriguez de Vera - Coleccionista de Proyectos\"},\"image\":{\"@id\":\"https:\/\/rodriguezdevera.com\/en\/#\/schema\/logo\/image\/\"},\"sameAs\":[\"https:\/\/es-es.facebook.com\/BodegaRodriguezDeVera\/\",\"https:\/\/x.com\/VinoRodeVera\",\"https:\/\/www.instagram.com\/rodriguezdevera.wine\",\"https:\/\/www.linkedin.com\/company\/rodriguez-de-vera-cellar\/\"]}]}<\/script>\n<!-- \/ Yoast SEO plugin. -->","yoast_head_json":{"title":"Atalaque Moscatel del Horcajo - Pepe Rodriguez de Vera","robots":{"index":"index","follow":"follow","max-snippet":"max-snippet:-1","max-image-preview":"max-image-preview:large","max-video-preview":"max-video-preview:-1"},"canonical":"https:\/\/rodriguezdevera.com\/en\/producto\/atalaque-moscatel-del-horcajo\/","og_locale":"en_US","og_type":"article","og_title":"Atalaque Moscatel del Horcajo - Pepe Rodriguez de Vera","og_description":"Moscatel de Grano menudo envejecido en el sistema de Solera con barricas viejas de Set\u00fabal, que representan un estilo \u00fanico en la regi\u00f3n. Vino muy complejo con d\u00e9cadas de potencial de envejecimiento.  Bodega:\u00a0Atalaque Zona: M\u00e9ntrida Saca: 2025 Tipo: Dulce Variedad: Moscatel de Grano Menudo Producci\u00f3n: 980 botellas de 0.5L Elaboraci\u00f3n: Naturalmente dulce, crianza oxidativa en el sistema de soleras y criaderas con barrica viejas de Set\u00fabal","og_url":"https:\/\/rodriguezdevera.com\/en\/producto\/atalaque-moscatel-del-horcajo\/","og_site_name":"Pepe Rodriguez de Vera","article_publisher":"https:\/\/es-es.facebook.com\/BodegaRodriguezDeVera\/","article_modified_time":"2025-02-12T16:10:57+00:00","og_image":[{"width":1000,"height":1000,"url":"https:\/\/rodriguezdevera.com\/wp-content\/uploads\/2016\/12\/Atalaque-Moscatel-del-Horcajo-copia.png","type":"image\/png"}],"twitter_card":"summary_large_image","twitter_site":"@VinoRodeVera","twitter_misc":{"Est. reading time":"1 minute"},"schema":{"@context":"https:\/\/schema.org","@graph":[{"@type":"WebPage","@id":"https:\/\/rodriguezdevera.com\/en\/producto\/atalaque-moscatel-del-horcajo\/","url":"https:\/\/rodriguezdevera.com\/en\/producto\/atalaque-moscatel-del-horcajo\/","name":"Atalaque Moscatel del Horcajo - Pepe Rodriguez de Vera","isPartOf":{"@id":"https:\/\/rodriguezdevera.com\/en\/#website"},"primaryImageOfPage":{"@id":"https:\/\/rodriguezdevera.com\/en\/producto\/atalaque-moscatel-del-horcajo\/#primaryimage"},"image":{"@id":"https:\/\/rodriguezdevera.com\/en\/producto\/atalaque-moscatel-del-horcajo\/#primaryimage"},"thumbnailUrl":"https:\/\/rodriguezdevera.com\/wp-content\/uploads\/2016\/12\/Atalaque-Moscatel-del-Horcajo-copia.png","datePublished":"2016-12-19T09:19:43+00:00","dateModified":"2025-02-12T16:10:57+00:00","breadcrumb":{"@id":"https:\/\/rodriguezdevera.com\/en\/producto\/atalaque-moscatel-del-horcajo\/#breadcrumb"},"inLanguage":"en-US","potentialAction":[{"@type":"ReadAction","target":["https:\/\/rodriguezdevera.com\/en\/producto\/atalaque-moscatel-del-horcajo\/"]}]},{"@type":"ImageObject","inLanguage":"en-US","@id":"https:\/\/rodriguezdevera.com\/en\/producto\/atalaque-moscatel-del-horcajo\/#primaryimage","url":"https:\/\/rodriguezdevera.com\/wp-content\/uploads\/2016\/12\/Atalaque-Moscatel-del-Horcajo-copia.png","contentUrl":"https:\/\/rodriguezdevera.com\/wp-content\/uploads\/2016\/12\/Atalaque-Moscatel-del-Horcajo-copia.png","width":1000,"height":1000},{"@type":"BreadcrumbList","@id":"https:\/\/rodriguezdevera.com\/en\/producto\/atalaque-moscatel-del-horcajo\/#breadcrumb","itemListElement":[{"@type":"ListItem","position":1,"name":"Portada","item":"https:\/\/rodriguezdevera.com\/en\/"},{"@type":"ListItem","position":2,"name":"Shop","item":"https:\/\/rodriguezdevera.com\/en\/shop\/"},{"@type":"ListItem","position":3,"name":"Atalaque Moscatel del Horcajo"}]},{"@type":"WebSite","@id":"https:\/\/rodriguezdevera.com\/en\/#website","url":"https:\/\/rodriguezdevera.com\/en\/","name":"Pepe Rodriguez de Vera","description":"","publisher":{"@id":"https:\/\/rodriguezdevera.com\/en\/#organization"},"potentialAction":[{"@type":"SearchAction","target":{"@type":"EntryPoint","urlTemplate":"https:\/\/rodriguezdevera.com\/en\/?s={search_term_string}"},"query-input":{"@type":"PropertyValueSpecification","valueRequired":true,"valueName":"search_term_string"}}],"inLanguage":"en-US"},{"@type":"Organization","@id":"https:\/\/rodriguezdevera.com\/en\/#organization","name":"Rodriguez de Vera - Coleccionista de Proyectos","url":"https:\/\/rodriguezdevera.com\/en\/","logo":{"@type":"ImageObject","inLanguage":"en-US","@id":"https:\/\/rodriguezdevera.com\/en\/#\/schema\/logo\/image\/","url":"https:\/\/rodriguezdevera.com\/wp-content\/uploads\/2021\/05\/logov2.png","contentUrl":"https:\/\/rodriguezdevera.com\/wp-content\/uploads\/2021\/05\/logov2.png","width":160,"height":162,"caption":"Rodriguez de Vera - Coleccionista de Proyectos"},"image":{"@id":"https:\/\/rodriguezdevera.com\/en\/#\/schema\/logo\/image\/"},"sameAs":["https:\/\/es-es.facebook.com\/BodegaRodriguezDeVera\/","https:\/\/x.com\/VinoRodeVera","https:\/\/www.instagram.com\/rodriguezdevera.wine","https:\/\/www.linkedin.com\/company\/rodriguez-de-vera-cellar\/"]}]}},"_links":{"self":[{"href":"https:\/\/rodriguezdevera.com\/en\/wp-json\/wp\/v2\/product\/1394","targetHints":{"allow":["GET"]}}],"collection":[{"href":"https:\/\/rodriguezdevera.com\/en\/wp-json\/wp\/v2\/product"}],"about":[{"href":"https:\/\/rodriguezdevera.com\/en\/wp-json\/wp\/v2\/types\/product"}],"replies":[{"embeddable":true,"href":"https:\/\/rodriguezdevera.com\/en\/wp-json\/wp\/v2\/comments?post=1394"}],"wp:featuredmedia":[{"embeddable":true,"href":"https:\/\/rodriguezdevera.com\/en\/wp-json\/wp\/v2\/media\/12155"}],"wp:attachment":[{"href":"https:\/\/rodriguezdevera.com\/en\/wp-json\/wp\/v2\/media?parent=1394"}],"wp:term":[{"taxonomy":"product_cat","embeddable":true,"href":"https:\/\/rodriguezdevera.com\/en\/wp-json\/wp\/v2\/product_cat?post=1394"},{"taxonomy":"product_tag","embeddable":true,"href":"https:\/\/rodriguezdevera.com\/en\/wp-json\/wp\/v2\/product_tag?post=1394"}],"curies":[{"name":"wp","href":"https:\/\/api.w.org\/{rel}","templated":true}]}}