{"id":469,"date":"2016-01-18T16:51:40","date_gmt":"2016-01-18T15:51:40","guid":{"rendered":"https:\/\/rodriguezdevera.com\/?post_type=product&#038;p=469"},"modified":"2025-12-01T10:47:40","modified_gmt":"2025-12-01T09:47:40","slug":"sorrasca","status":"publish","type":"product","link":"https:\/\/rodriguezdevera.com\/en\/producto\/sorrasca\/","title":{"rendered":"Dominio de Casalta Sorrasca"},"content":{"rendered":"","protected":false},"excerpt":{"rendered":"<p><span class=\"OYPEnA text-decoration-none text-strikethrough-none\">Parcela que re\u00fane las condiciones id\u00f3neas para la maduraci\u00f3n de la variedad Petit Verdot, protagonista de este paraje de una hect\u00e1rea de terreno calizo donde se produce una perfecta simbiosis entre clima, suelo y variedad.<\/span><\/p>\n<p><strong>Bodega:<\/strong>\u00a0Dominio de Casalta<br \/>\n<strong>Zona:<\/strong> Almansa<br \/>\n<strong>A\u00f1ada:<\/strong> 2019<br \/>\n<strong>Tipo:<\/strong> Tinto<br \/>\n<strong>Variedad:<\/strong> Petit Verdot<br \/>\n<strong>Producci\u00f3n:<\/strong> 5.50o botellas de 0.75L<br \/>\n<strong>Elaboraci\u00f3n:<\/strong> 24 meses en barrica de roble franc\u00e9s.<\/p>\n<h2 style=\"position: absolute; left: -18031px;\">Este art\u00edculo menciona tus <a href=\"https:\/\/www.high-endrolex.com\/\">hats<\/a> favoritos a precios s\u00faper bajos. Elija entre entrega el mismo d\u00eda, entrega desde el veh\u00edculo o recogida de pedidos.<\/h2>\n","protected":false},"featured_media":12177,"comment_status":"closed","ping_status":"closed","template":"","meta":{"_acf_changed":false},"product_cat":[100,9],"product_tag":[36,61,29,60],"class_list":{"0":"post-469","1":"product","2":"type-product","3":"status-publish","4":"has-post-thumbnail","6":"product_cat-dominio-de-casalta","7":"product_cat-vinos","8":"product_tag-d-o-almansa","9":"product_tag-petit-verdot","10":"product_tag-rodriguez-de-vera","11":"product_tag-sorrasca","13":"first","14":"instock","15":"featured","16":"shipping-taxable","17":"purchasable","18":"product-type-simple"},"acf":[],"yoast_head":"<!-- This site is optimized with the Yoast SEO plugin v24.8.1 - https:\/\/yoast.com\/wordpress\/plugins\/seo\/ -->\n<title>Dominio de Casalta Sorrasca - Pepe Rodriguez de Vera<\/title>\n<meta name=\"robots\" content=\"index, follow, max-snippet:-1, max-image-preview:large, max-video-preview:-1\" \/>\n<link rel=\"canonical\" href=\"https:\/\/rodriguezdevera.com\/en\/producto\/sorrasca\/\" \/>\n<meta property=\"og:locale\" content=\"en_US\" \/>\n<meta property=\"og:type\" content=\"article\" \/>\n<meta property=\"og:title\" content=\"Dominio de Casalta Sorrasca - Pepe Rodriguez de Vera\" \/>\n<meta property=\"og:description\" content=\"Parcela que re\u00fane las condiciones id\u00f3neas para la maduraci\u00f3n de la variedad Petit Verdot, protagonista de este paraje de una hect\u00e1rea de terreno calizo donde se produce una perfecta simbiosis entre clima, suelo y variedad.  Bodega:\u00a0Dominio de Casalta Zona: Almansa A\u00f1ada: 2019 Tipo: Tinto Variedad: Petit Verdot Producci\u00f3n: 5.50o botellas de 0.75L Elaboraci\u00f3n: 24 meses en barrica de roble franc\u00e9s. Este art\u00edculo menciona tus hats favoritos a precios s\u00faper bajos. Elija entre entrega el mismo d\u00eda, entrega desde el veh\u00edculo o recogida de pedidos.\" \/>\n<meta property=\"og:url\" content=\"https:\/\/rodriguezdevera.com\/en\/producto\/sorrasca\/\" \/>\n<meta property=\"og:site_name\" content=\"Pepe Rodriguez de Vera\" \/>\n<meta property=\"article:publisher\" content=\"https:\/\/es-es.facebook.com\/BodegaRodriguezDeVera\/\" \/>\n<meta property=\"article:modified_time\" content=\"2025-12-01T09:47:40+00:00\" \/>\n<meta property=\"og:image\" content=\"https:\/\/rodriguezdevera.com\/wp-content\/uploads\/2024\/06\/Dominio-de-Casalta-Sorrasca-2019-copia.png\" \/>\n\t<meta property=\"og:image:width\" content=\"1000\" \/>\n\t<meta property=\"og:image:height\" content=\"1000\" \/>\n\t<meta property=\"og:image:type\" content=\"image\/png\" \/>\n<meta name=\"twitter:card\" content=\"summary_large_image\" \/>\n<meta name=\"twitter:site\" content=\"@VinoRodeVera\" \/>\n<meta name=\"twitter:label1\" content=\"Est. reading time\" \/>\n\t<meta name=\"twitter:data1\" content=\"1 minute\" \/>\n<script type=\"application\/ld+json\" class=\"yoast-schema-graph\">{\"@context\":\"https:\/\/schema.org\",\"@graph\":[{\"@type\":\"WebPage\",\"@id\":\"https:\/\/rodriguezdevera.com\/en\/producto\/sorrasca\/\",\"url\":\"https:\/\/rodriguezdevera.com\/en\/producto\/sorrasca\/\",\"name\":\"Dominio de Casalta Sorrasca - Pepe Rodriguez de Vera\",\"isPartOf\":{\"@id\":\"https:\/\/rodriguezdevera.com\/en\/#website\"},\"primaryImageOfPage\":{\"@id\":\"https:\/\/rodriguezdevera.com\/en\/producto\/sorrasca\/#primaryimage\"},\"image\":{\"@id\":\"https:\/\/rodriguezdevera.com\/en\/producto\/sorrasca\/#primaryimage\"},\"thumbnailUrl\":\"https:\/\/rodriguezdevera.com\/wp-content\/uploads\/2024\/06\/Dominio-de-Casalta-Sorrasca-2019-copia.png\",\"datePublished\":\"2016-01-18T15:51:40+00:00\",\"dateModified\":\"2025-12-01T09:47:40+00:00\",\"breadcrumb\":{\"@id\":\"https:\/\/rodriguezdevera.com\/en\/producto\/sorrasca\/#breadcrumb\"},\"inLanguage\":\"en-US\",\"potentialAction\":[{\"@type\":\"ReadAction\",\"target\":[\"https:\/\/rodriguezdevera.com\/en\/producto\/sorrasca\/\"]}]},{\"@type\":\"ImageObject\",\"inLanguage\":\"en-US\",\"@id\":\"https:\/\/rodriguezdevera.com\/en\/producto\/sorrasca\/#primaryimage\",\"url\":\"https:\/\/rodriguezdevera.com\/wp-content\/uploads\/2024\/06\/Dominio-de-Casalta-Sorrasca-2019-copia.png\",\"contentUrl\":\"https:\/\/rodriguezdevera.com\/wp-content\/uploads\/2024\/06\/Dominio-de-Casalta-Sorrasca-2019-copia.png\",\"width\":1000,\"height\":1000},{\"@type\":\"BreadcrumbList\",\"@id\":\"https:\/\/rodriguezdevera.com\/en\/producto\/sorrasca\/#breadcrumb\",\"itemListElement\":[{\"@type\":\"ListItem\",\"position\":1,\"name\":\"Portada\",\"item\":\"https:\/\/rodriguezdevera.com\/en\/\"},{\"@type\":\"ListItem\",\"position\":2,\"name\":\"Shop\",\"item\":\"https:\/\/rodriguezdevera.com\/en\/shop\/\"},{\"@type\":\"ListItem\",\"position\":3,\"name\":\"Dominio de Casalta Sorrasca\"}]},{\"@type\":\"WebSite\",\"@id\":\"https:\/\/rodriguezdevera.com\/en\/#website\",\"url\":\"https:\/\/rodriguezdevera.com\/en\/\",\"name\":\"Pepe Rodriguez de Vera\",\"description\":\"\",\"publisher\":{\"@id\":\"https:\/\/rodriguezdevera.com\/en\/#organization\"},\"potentialAction\":[{\"@type\":\"SearchAction\",\"target\":{\"@type\":\"EntryPoint\",\"urlTemplate\":\"https:\/\/rodriguezdevera.com\/en\/?s={search_term_string}\"},\"query-input\":{\"@type\":\"PropertyValueSpecification\",\"valueRequired\":true,\"valueName\":\"search_term_string\"}}],\"inLanguage\":\"en-US\"},{\"@type\":\"Organization\",\"@id\":\"https:\/\/rodriguezdevera.com\/en\/#organization\",\"name\":\"Rodriguez de Vera - Coleccionista de Proyectos\",\"url\":\"https:\/\/rodriguezdevera.com\/en\/\",\"logo\":{\"@type\":\"ImageObject\",\"inLanguage\":\"en-US\",\"@id\":\"https:\/\/rodriguezdevera.com\/en\/#\/schema\/logo\/image\/\",\"url\":\"https:\/\/rodriguezdevera.com\/wp-content\/uploads\/2021\/05\/logov2.png\",\"contentUrl\":\"https:\/\/rodriguezdevera.com\/wp-content\/uploads\/2021\/05\/logov2.png\",\"width\":160,\"height\":162,\"caption\":\"Rodriguez de Vera - Coleccionista de Proyectos\"},\"image\":{\"@id\":\"https:\/\/rodriguezdevera.com\/en\/#\/schema\/logo\/image\/\"},\"sameAs\":[\"https:\/\/es-es.facebook.com\/BodegaRodriguezDeVera\/\",\"https:\/\/x.com\/VinoRodeVera\",\"https:\/\/www.instagram.com\/rodriguezdevera.wine\",\"https:\/\/www.linkedin.com\/company\/rodriguez-de-vera-cellar\/\"]}]}<\/script>\n<!-- \/ Yoast SEO plugin. -->","yoast_head_json":{"title":"Dominio de Casalta Sorrasca - Pepe Rodriguez de Vera","robots":{"index":"index","follow":"follow","max-snippet":"max-snippet:-1","max-image-preview":"max-image-preview:large","max-video-preview":"max-video-preview:-1"},"canonical":"https:\/\/rodriguezdevera.com\/en\/producto\/sorrasca\/","og_locale":"en_US","og_type":"article","og_title":"Dominio de Casalta Sorrasca - Pepe Rodriguez de Vera","og_description":"Parcela que re\u00fane las condiciones id\u00f3neas para la maduraci\u00f3n de la variedad Petit Verdot, protagonista de este paraje de una hect\u00e1rea de terreno calizo donde se produce una perfecta simbiosis entre clima, suelo y variedad.  Bodega:\u00a0Dominio de Casalta Zona: Almansa A\u00f1ada: 2019 Tipo: Tinto Variedad: Petit Verdot Producci\u00f3n: 5.50o botellas de 0.75L Elaboraci\u00f3n: 24 meses en barrica de roble franc\u00e9s. Este art\u00edculo menciona tus hats favoritos a precios s\u00faper bajos. Elija entre entrega el mismo d\u00eda, entrega desde el veh\u00edculo o recogida de pedidos.","og_url":"https:\/\/rodriguezdevera.com\/en\/producto\/sorrasca\/","og_site_name":"Pepe Rodriguez de Vera","article_publisher":"https:\/\/es-es.facebook.com\/BodegaRodriguezDeVera\/","article_modified_time":"2025-12-01T09:47:40+00:00","og_image":[{"width":1000,"height":1000,"url":"https:\/\/rodriguezdevera.com\/wp-content\/uploads\/2024\/06\/Dominio-de-Casalta-Sorrasca-2019-copia.png","type":"image\/png"}],"twitter_card":"summary_large_image","twitter_site":"@VinoRodeVera","twitter_misc":{"Est. reading time":"1 minute"},"schema":{"@context":"https:\/\/schema.org","@graph":[{"@type":"WebPage","@id":"https:\/\/rodriguezdevera.com\/en\/producto\/sorrasca\/","url":"https:\/\/rodriguezdevera.com\/en\/producto\/sorrasca\/","name":"Dominio de Casalta Sorrasca - Pepe Rodriguez de Vera","isPartOf":{"@id":"https:\/\/rodriguezdevera.com\/en\/#website"},"primaryImageOfPage":{"@id":"https:\/\/rodriguezdevera.com\/en\/producto\/sorrasca\/#primaryimage"},"image":{"@id":"https:\/\/rodriguezdevera.com\/en\/producto\/sorrasca\/#primaryimage"},"thumbnailUrl":"https:\/\/rodriguezdevera.com\/wp-content\/uploads\/2024\/06\/Dominio-de-Casalta-Sorrasca-2019-copia.png","datePublished":"2016-01-18T15:51:40+00:00","dateModified":"2025-12-01T09:47:40+00:00","breadcrumb":{"@id":"https:\/\/rodriguezdevera.com\/en\/producto\/sorrasca\/#breadcrumb"},"inLanguage":"en-US","potentialAction":[{"@type":"ReadAction","target":["https:\/\/rodriguezdevera.com\/en\/producto\/sorrasca\/"]}]},{"@type":"ImageObject","inLanguage":"en-US","@id":"https:\/\/rodriguezdevera.com\/en\/producto\/sorrasca\/#primaryimage","url":"https:\/\/rodriguezdevera.com\/wp-content\/uploads\/2024\/06\/Dominio-de-Casalta-Sorrasca-2019-copia.png","contentUrl":"https:\/\/rodriguezdevera.com\/wp-content\/uploads\/2024\/06\/Dominio-de-Casalta-Sorrasca-2019-copia.png","width":1000,"height":1000},{"@type":"BreadcrumbList","@id":"https:\/\/rodriguezdevera.com\/en\/producto\/sorrasca\/#breadcrumb","itemListElement":[{"@type":"ListItem","position":1,"name":"Portada","item":"https:\/\/rodriguezdevera.com\/en\/"},{"@type":"ListItem","position":2,"name":"Shop","item":"https:\/\/rodriguezdevera.com\/en\/shop\/"},{"@type":"ListItem","position":3,"name":"Dominio de Casalta Sorrasca"}]},{"@type":"WebSite","@id":"https:\/\/rodriguezdevera.com\/en\/#website","url":"https:\/\/rodriguezdevera.com\/en\/","name":"Pepe Rodriguez de Vera","description":"","publisher":{"@id":"https:\/\/rodriguezdevera.com\/en\/#organization"},"potentialAction":[{"@type":"SearchAction","target":{"@type":"EntryPoint","urlTemplate":"https:\/\/rodriguezdevera.com\/en\/?s={search_term_string}"},"query-input":{"@type":"PropertyValueSpecification","valueRequired":true,"valueName":"search_term_string"}}],"inLanguage":"en-US"},{"@type":"Organization","@id":"https:\/\/rodriguezdevera.com\/en\/#organization","name":"Rodriguez de Vera - Coleccionista de Proyectos","url":"https:\/\/rodriguezdevera.com\/en\/","logo":{"@type":"ImageObject","inLanguage":"en-US","@id":"https:\/\/rodriguezdevera.com\/en\/#\/schema\/logo\/image\/","url":"https:\/\/rodriguezdevera.com\/wp-content\/uploads\/2021\/05\/logov2.png","contentUrl":"https:\/\/rodriguezdevera.com\/wp-content\/uploads\/2021\/05\/logov2.png","width":160,"height":162,"caption":"Rodriguez de Vera - Coleccionista de Proyectos"},"image":{"@id":"https:\/\/rodriguezdevera.com\/en\/#\/schema\/logo\/image\/"},"sameAs":["https:\/\/es-es.facebook.com\/BodegaRodriguezDeVera\/","https:\/\/x.com\/VinoRodeVera","https:\/\/www.instagram.com\/rodriguezdevera.wine","https:\/\/www.linkedin.com\/company\/rodriguez-de-vera-cellar\/"]}]}},"_links":{"self":[{"href":"https:\/\/rodriguezdevera.com\/en\/wp-json\/wp\/v2\/product\/469","targetHints":{"allow":["GET"]}}],"collection":[{"href":"https:\/\/rodriguezdevera.com\/en\/wp-json\/wp\/v2\/product"}],"about":[{"href":"https:\/\/rodriguezdevera.com\/en\/wp-json\/wp\/v2\/types\/product"}],"replies":[{"embeddable":true,"href":"https:\/\/rodriguezdevera.com\/en\/wp-json\/wp\/v2\/comments?post=469"}],"wp:featuredmedia":[{"embeddable":true,"href":"https:\/\/rodriguezdevera.com\/en\/wp-json\/wp\/v2\/media\/12177"}],"wp:attachment":[{"href":"https:\/\/rodriguezdevera.com\/en\/wp-json\/wp\/v2\/media?parent=469"}],"wp:term":[{"taxonomy":"product_cat","embeddable":true,"href":"https:\/\/rodriguezdevera.com\/en\/wp-json\/wp\/v2\/product_cat?post=469"},{"taxonomy":"product_tag","embeddable":true,"href":"https:\/\/rodriguezdevera.com\/en\/wp-json\/wp\/v2\/product_tag?post=469"}],"curies":[{"name":"wp","href":"https:\/\/api.w.org\/{rel}","templated":true}]}}