{"id":8286,"date":"2022-11-25T10:03:46","date_gmt":"2022-11-25T09:03:46","guid":{"rendered":"https:\/\/rodriguezdevera.com\/?post_type=product&#038;p=8286"},"modified":"2026-01-06T02:22:04","modified_gmt":"2026-01-06T01:22:04","slug":"atalaque-garnacha-de-la-peraleda","status":"publish","type":"product","link":"https:\/\/rodriguezdevera.com\/en\/producto\/atalaque-garnacha-de-la-peraleda\/","title":{"rendered":"Atalaque Garnacha de La Peraleda"},"content":{"rendered":"","protected":false},"excerpt":{"rendered":"<p class=\"cvGsUA direction-ltr align-center para-style-body\"><span class=\"OYPEnA text-decoration-none text-strikethrough-none\">La parcela \u201cLa Peraleda\u201d, de 70 a\u00f1os, produce una uva que transmite una gran tipicidad al vino. Es elegante, perfumado y con una gran sensaci\u00f3n <\/span><span class=\"OYPEnA text-decoration-none text-strikethrough-none\">de mineralidad.<\/span><\/p>\n<p><strong>Bodega:<\/strong> Atalaque<br \/>\n<strong>Zona:<\/strong> M\u00e9ntrida<br \/>\n<strong>A\u00f1ada:<\/strong> 2021<br \/>\n<strong>Tipo:<\/strong> Tinto<br \/>\n<strong>Variedad:<\/strong> Garnacha<br \/>\n<strong>Producci\u00f3n:<\/strong> 4,830 botellas de 0.75L<br \/>\n<strong>Elaboraci\u00f3n:<\/strong> 12 meses en barrida de roble franc\u00e9s<\/p>\n","protected":false},"featured_media":12152,"comment_status":"closed","ping_status":"closed","template":"","meta":{"_acf_changed":false},"product_cat":[102,9],"product_tag":[32,33,31,30,29],"class_list":{"0":"post-8286","1":"product","2":"type-product","3":"status-publish","4":"has-post-thumbnail","6":"product_cat-atalaque","7":"product_cat-vinos","8":"product_tag-atalaque","9":"product_tag-d-o-mentrida","10":"product_tag-el-horcajo","11":"product_tag-garnacha-tinta","12":"product_tag-rodriguez-de-vera","14":"first","15":"instock","16":"featured","17":"shipping-taxable","18":"purchasable","19":"product-type-simple"},"acf":[],"yoast_head":"<!-- This site is optimized with the Yoast SEO plugin v24.8.1 - https:\/\/yoast.com\/wordpress\/plugins\/seo\/ -->\n<title>Atalaque Garnacha de La Peraleda - Pepe Rodriguez de Vera<\/title>\n<meta name=\"robots\" content=\"index, follow, max-snippet:-1, max-image-preview:large, max-video-preview:-1\" \/>\n<link rel=\"canonical\" href=\"https:\/\/rodriguezdevera.com\/en\/producto\/atalaque-garnacha-de-la-peraleda\/\" \/>\n<meta property=\"og:locale\" content=\"en_US\" \/>\n<meta property=\"og:type\" content=\"article\" \/>\n<meta property=\"og:title\" content=\"Atalaque Garnacha de La Peraleda - Pepe Rodriguez de Vera\" \/>\n<meta property=\"og:description\" content=\"La parcela \u201cLa Peraleda\u201d, de 70 a\u00f1os, produce una uva que transmite una gran tipicidad al vino. Es elegante, perfumado y con una gran sensaci\u00f3n de mineralidad. Bodega: Atalaque Zona: M\u00e9ntrida A\u00f1ada: 2021 Tipo: Tinto Variedad: Garnacha Producci\u00f3n: 4,830 botellas de 0.75L Elaboraci\u00f3n: 12 meses en barrida de roble franc\u00e9s\" \/>\n<meta property=\"og:url\" content=\"https:\/\/rodriguezdevera.com\/en\/producto\/atalaque-garnacha-de-la-peraleda\/\" \/>\n<meta property=\"og:site_name\" content=\"Pepe Rodriguez de Vera\" \/>\n<meta property=\"article:publisher\" content=\"https:\/\/es-es.facebook.com\/BodegaRodriguezDeVera\/\" \/>\n<meta property=\"article:modified_time\" content=\"2026-01-06T01:22:04+00:00\" \/>\n<meta property=\"og:image\" content=\"https:\/\/rodriguezdevera.com\/wp-content\/uploads\/2016\/12\/Atalaque-Garnacha-de-la-Peraleda-2022-copia.png\" \/>\n\t<meta property=\"og:image:width\" content=\"1000\" \/>\n\t<meta property=\"og:image:height\" content=\"1000\" \/>\n\t<meta property=\"og:image:type\" content=\"image\/png\" \/>\n<meta name=\"twitter:card\" content=\"summary_large_image\" \/>\n<meta name=\"twitter:site\" content=\"@VinoRodeVera\" \/>\n<meta name=\"twitter:label1\" content=\"Est. reading time\" \/>\n\t<meta name=\"twitter:data1\" content=\"1 minute\" \/>\n<script type=\"application\/ld+json\" class=\"yoast-schema-graph\">{\"@context\":\"https:\/\/schema.org\",\"@graph\":[{\"@type\":\"WebPage\",\"@id\":\"https:\/\/rodriguezdevera.com\/en\/producto\/atalaque-garnacha-de-la-peraleda\/\",\"url\":\"https:\/\/rodriguezdevera.com\/en\/producto\/atalaque-garnacha-de-la-peraleda\/\",\"name\":\"Atalaque Garnacha de La Peraleda - Pepe Rodriguez de Vera\",\"isPartOf\":{\"@id\":\"https:\/\/rodriguezdevera.com\/en\/#website\"},\"primaryImageOfPage\":{\"@id\":\"https:\/\/rodriguezdevera.com\/en\/producto\/atalaque-garnacha-de-la-peraleda\/#primaryimage\"},\"image\":{\"@id\":\"https:\/\/rodriguezdevera.com\/en\/producto\/atalaque-garnacha-de-la-peraleda\/#primaryimage\"},\"thumbnailUrl\":\"https:\/\/rodriguezdevera.com\/wp-content\/uploads\/2016\/12\/Atalaque-Garnacha-de-la-Peraleda-2022-copia.png\",\"datePublished\":\"2022-11-25T09:03:46+00:00\",\"dateModified\":\"2026-01-06T01:22:04+00:00\",\"breadcrumb\":{\"@id\":\"https:\/\/rodriguezdevera.com\/en\/producto\/atalaque-garnacha-de-la-peraleda\/#breadcrumb\"},\"inLanguage\":\"en-US\",\"potentialAction\":[{\"@type\":\"ReadAction\",\"target\":[\"https:\/\/rodriguezdevera.com\/en\/producto\/atalaque-garnacha-de-la-peraleda\/\"]}]},{\"@type\":\"ImageObject\",\"inLanguage\":\"en-US\",\"@id\":\"https:\/\/rodriguezdevera.com\/en\/producto\/atalaque-garnacha-de-la-peraleda\/#primaryimage\",\"url\":\"https:\/\/rodriguezdevera.com\/wp-content\/uploads\/2016\/12\/Atalaque-Garnacha-de-la-Peraleda-2022-copia.png\",\"contentUrl\":\"https:\/\/rodriguezdevera.com\/wp-content\/uploads\/2016\/12\/Atalaque-Garnacha-de-la-Peraleda-2022-copia.png\",\"width\":1000,\"height\":1000},{\"@type\":\"BreadcrumbList\",\"@id\":\"https:\/\/rodriguezdevera.com\/en\/producto\/atalaque-garnacha-de-la-peraleda\/#breadcrumb\",\"itemListElement\":[{\"@type\":\"ListItem\",\"position\":1,\"name\":\"Portada\",\"item\":\"https:\/\/rodriguezdevera.com\/en\/\"},{\"@type\":\"ListItem\",\"position\":2,\"name\":\"Shop\",\"item\":\"https:\/\/rodriguezdevera.com\/en\/shop\/\"},{\"@type\":\"ListItem\",\"position\":3,\"name\":\"Atalaque Garnacha de La Peraleda\"}]},{\"@type\":\"WebSite\",\"@id\":\"https:\/\/rodriguezdevera.com\/en\/#website\",\"url\":\"https:\/\/rodriguezdevera.com\/en\/\",\"name\":\"Pepe Rodriguez de Vera\",\"description\":\"\",\"publisher\":{\"@id\":\"https:\/\/rodriguezdevera.com\/en\/#organization\"},\"potentialAction\":[{\"@type\":\"SearchAction\",\"target\":{\"@type\":\"EntryPoint\",\"urlTemplate\":\"https:\/\/rodriguezdevera.com\/en\/?s={search_term_string}\"},\"query-input\":{\"@type\":\"PropertyValueSpecification\",\"valueRequired\":true,\"valueName\":\"search_term_string\"}}],\"inLanguage\":\"en-US\"},{\"@type\":\"Organization\",\"@id\":\"https:\/\/rodriguezdevera.com\/en\/#organization\",\"name\":\"Rodriguez de Vera - Coleccionista de Proyectos\",\"url\":\"https:\/\/rodriguezdevera.com\/en\/\",\"logo\":{\"@type\":\"ImageObject\",\"inLanguage\":\"en-US\",\"@id\":\"https:\/\/rodriguezdevera.com\/en\/#\/schema\/logo\/image\/\",\"url\":\"https:\/\/rodriguezdevera.com\/wp-content\/uploads\/2021\/05\/logov2.png\",\"contentUrl\":\"https:\/\/rodriguezdevera.com\/wp-content\/uploads\/2021\/05\/logov2.png\",\"width\":160,\"height\":162,\"caption\":\"Rodriguez de Vera - Coleccionista de Proyectos\"},\"image\":{\"@id\":\"https:\/\/rodriguezdevera.com\/en\/#\/schema\/logo\/image\/\"},\"sameAs\":[\"https:\/\/es-es.facebook.com\/BodegaRodriguezDeVera\/\",\"https:\/\/x.com\/VinoRodeVera\",\"https:\/\/www.instagram.com\/rodriguezdevera.wine\",\"https:\/\/www.linkedin.com\/company\/rodriguez-de-vera-cellar\/\"]}]}<\/script>\n<!-- \/ Yoast SEO plugin. -->","yoast_head_json":{"title":"Atalaque Garnacha de La Peraleda - Pepe Rodriguez de Vera","robots":{"index":"index","follow":"follow","max-snippet":"max-snippet:-1","max-image-preview":"max-image-preview:large","max-video-preview":"max-video-preview:-1"},"canonical":"https:\/\/rodriguezdevera.com\/en\/producto\/atalaque-garnacha-de-la-peraleda\/","og_locale":"en_US","og_type":"article","og_title":"Atalaque Garnacha de La Peraleda - Pepe Rodriguez de Vera","og_description":"La parcela \u201cLa Peraleda\u201d, de 70 a\u00f1os, produce una uva que transmite una gran tipicidad al vino. Es elegante, perfumado y con una gran sensaci\u00f3n de mineralidad. Bodega: Atalaque Zona: M\u00e9ntrida A\u00f1ada: 2021 Tipo: Tinto Variedad: Garnacha Producci\u00f3n: 4,830 botellas de 0.75L Elaboraci\u00f3n: 12 meses en barrida de roble franc\u00e9s","og_url":"https:\/\/rodriguezdevera.com\/en\/producto\/atalaque-garnacha-de-la-peraleda\/","og_site_name":"Pepe Rodriguez de Vera","article_publisher":"https:\/\/es-es.facebook.com\/BodegaRodriguezDeVera\/","article_modified_time":"2026-01-06T01:22:04+00:00","og_image":[{"width":1000,"height":1000,"url":"https:\/\/rodriguezdevera.com\/wp-content\/uploads\/2016\/12\/Atalaque-Garnacha-de-la-Peraleda-2022-copia.png","type":"image\/png"}],"twitter_card":"summary_large_image","twitter_site":"@VinoRodeVera","twitter_misc":{"Est. reading time":"1 minute"},"schema":{"@context":"https:\/\/schema.org","@graph":[{"@type":"WebPage","@id":"https:\/\/rodriguezdevera.com\/en\/producto\/atalaque-garnacha-de-la-peraleda\/","url":"https:\/\/rodriguezdevera.com\/en\/producto\/atalaque-garnacha-de-la-peraleda\/","name":"Atalaque Garnacha de La Peraleda - Pepe Rodriguez de Vera","isPartOf":{"@id":"https:\/\/rodriguezdevera.com\/en\/#website"},"primaryImageOfPage":{"@id":"https:\/\/rodriguezdevera.com\/en\/producto\/atalaque-garnacha-de-la-peraleda\/#primaryimage"},"image":{"@id":"https:\/\/rodriguezdevera.com\/en\/producto\/atalaque-garnacha-de-la-peraleda\/#primaryimage"},"thumbnailUrl":"https:\/\/rodriguezdevera.com\/wp-content\/uploads\/2016\/12\/Atalaque-Garnacha-de-la-Peraleda-2022-copia.png","datePublished":"2022-11-25T09:03:46+00:00","dateModified":"2026-01-06T01:22:04+00:00","breadcrumb":{"@id":"https:\/\/rodriguezdevera.com\/en\/producto\/atalaque-garnacha-de-la-peraleda\/#breadcrumb"},"inLanguage":"en-US","potentialAction":[{"@type":"ReadAction","target":["https:\/\/rodriguezdevera.com\/en\/producto\/atalaque-garnacha-de-la-peraleda\/"]}]},{"@type":"ImageObject","inLanguage":"en-US","@id":"https:\/\/rodriguezdevera.com\/en\/producto\/atalaque-garnacha-de-la-peraleda\/#primaryimage","url":"https:\/\/rodriguezdevera.com\/wp-content\/uploads\/2016\/12\/Atalaque-Garnacha-de-la-Peraleda-2022-copia.png","contentUrl":"https:\/\/rodriguezdevera.com\/wp-content\/uploads\/2016\/12\/Atalaque-Garnacha-de-la-Peraleda-2022-copia.png","width":1000,"height":1000},{"@type":"BreadcrumbList","@id":"https:\/\/rodriguezdevera.com\/en\/producto\/atalaque-garnacha-de-la-peraleda\/#breadcrumb","itemListElement":[{"@type":"ListItem","position":1,"name":"Portada","item":"https:\/\/rodriguezdevera.com\/en\/"},{"@type":"ListItem","position":2,"name":"Shop","item":"https:\/\/rodriguezdevera.com\/en\/shop\/"},{"@type":"ListItem","position":3,"name":"Atalaque Garnacha de La Peraleda"}]},{"@type":"WebSite","@id":"https:\/\/rodriguezdevera.com\/en\/#website","url":"https:\/\/rodriguezdevera.com\/en\/","name":"Pepe Rodriguez de Vera","description":"","publisher":{"@id":"https:\/\/rodriguezdevera.com\/en\/#organization"},"potentialAction":[{"@type":"SearchAction","target":{"@type":"EntryPoint","urlTemplate":"https:\/\/rodriguezdevera.com\/en\/?s={search_term_string}"},"query-input":{"@type":"PropertyValueSpecification","valueRequired":true,"valueName":"search_term_string"}}],"inLanguage":"en-US"},{"@type":"Organization","@id":"https:\/\/rodriguezdevera.com\/en\/#organization","name":"Rodriguez de Vera - Coleccionista de Proyectos","url":"https:\/\/rodriguezdevera.com\/en\/","logo":{"@type":"ImageObject","inLanguage":"en-US","@id":"https:\/\/rodriguezdevera.com\/en\/#\/schema\/logo\/image\/","url":"https:\/\/rodriguezdevera.com\/wp-content\/uploads\/2021\/05\/logov2.png","contentUrl":"https:\/\/rodriguezdevera.com\/wp-content\/uploads\/2021\/05\/logov2.png","width":160,"height":162,"caption":"Rodriguez de Vera - Coleccionista de Proyectos"},"image":{"@id":"https:\/\/rodriguezdevera.com\/en\/#\/schema\/logo\/image\/"},"sameAs":["https:\/\/es-es.facebook.com\/BodegaRodriguezDeVera\/","https:\/\/x.com\/VinoRodeVera","https:\/\/www.instagram.com\/rodriguezdevera.wine","https:\/\/www.linkedin.com\/company\/rodriguez-de-vera-cellar\/"]}]}},"_links":{"self":[{"href":"https:\/\/rodriguezdevera.com\/en\/wp-json\/wp\/v2\/product\/8286","targetHints":{"allow":["GET"]}}],"collection":[{"href":"https:\/\/rodriguezdevera.com\/en\/wp-json\/wp\/v2\/product"}],"about":[{"href":"https:\/\/rodriguezdevera.com\/en\/wp-json\/wp\/v2\/types\/product"}],"replies":[{"embeddable":true,"href":"https:\/\/rodriguezdevera.com\/en\/wp-json\/wp\/v2\/comments?post=8286"}],"wp:featuredmedia":[{"embeddable":true,"href":"https:\/\/rodriguezdevera.com\/en\/wp-json\/wp\/v2\/media\/12152"}],"wp:attachment":[{"href":"https:\/\/rodriguezdevera.com\/en\/wp-json\/wp\/v2\/media?parent=8286"}],"wp:term":[{"taxonomy":"product_cat","embeddable":true,"href":"https:\/\/rodriguezdevera.com\/en\/wp-json\/wp\/v2\/product_cat?post=8286"},{"taxonomy":"product_tag","embeddable":true,"href":"https:\/\/rodriguezdevera.com\/en\/wp-json\/wp\/v2\/product_tag?post=8286"}],"curies":[{"name":"wp","href":"https:\/\/api.w.org\/{rel}","templated":true}]}}