{"id":8463,"date":"2023-07-24T15:28:45","date_gmt":"2023-07-24T13:28:45","guid":{"rendered":"https:\/\/rodriguezdevera.com\/?post_type=product&#038;p=8463"},"modified":"2025-02-12T17:36:30","modified_gmt":"2025-02-12T16:36:30","slug":"sopla-levante-matanilla","status":"publish","type":"product","link":"https:\/\/rodriguezdevera.com\/en\/producto\/sopla-levante-matanilla\/","title":{"rendered":"Sopla Levante Matanilla"},"content":{"rendered":"","protected":false},"excerpt":{"rendered":"<p class=\"cvGsUA direction-ltr align-center para-style-body\"><span class=\"OYPEnA text-decoration-none text-strikethrough-none\">Vino blanco elaborado con el sistema de solera, criado bajo velo de flor en barricas de Jerez durante tres a\u00f1os. <\/span><span class=\"OYPEnA text-decoration-none text-strikethrough-none\">Parcelas singulares de Merseguera del Parque Natural de La Mata.<\/span><\/p>\n<p><strong>Bodega:<\/strong>\u00a0Sopla Levante<br \/>\n<strong>Zona:<\/strong>\u00a0C. Valenciana<br \/>\n<strong>Saca:<\/strong>\u00a02022<br \/>\n<strong>Tipo:<\/strong>\u00a0Blanco<br \/>\n<strong>Variedad:<\/strong> 85% Merseguera 15% otras<br \/>\n<strong>Producci\u00f3n anual:<\/strong> 250 botellas de 0.75L<br \/>\n<strong>Elaboraci\u00f3n:<\/strong> 24 meses de crianza biol\u00f3gica bajo velo de flor<\/p>\n","protected":false},"featured_media":12194,"comment_status":"closed","ping_status":"closed","template":"","meta":{"_acf_changed":false},"product_cat":[103,9],"product_tag":[],"class_list":{"0":"post-8463","1":"product","2":"type-product","3":"status-publish","4":"has-post-thumbnail","6":"product_cat-sopla-levante","7":"product_cat-vinos","9":"first","10":"outofstock","11":"featured","12":"shipping-taxable","13":"purchasable","14":"product-type-simple"},"acf":[],"yoast_head":"<!-- This site is optimized with the Yoast SEO plugin v24.8.1 - https:\/\/yoast.com\/wordpress\/plugins\/seo\/ -->\n<title>Sopla Levante Matanilla - Pepe Rodriguez de Vera<\/title>\n<meta name=\"robots\" content=\"index, follow, max-snippet:-1, max-image-preview:large, max-video-preview:-1\" \/>\n<link rel=\"canonical\" href=\"https:\/\/rodriguezdevera.com\/en\/producto\/sopla-levante-matanilla\/\" \/>\n<meta property=\"og:locale\" content=\"en_US\" \/>\n<meta property=\"og:type\" content=\"article\" \/>\n<meta property=\"og:title\" content=\"Sopla Levante Matanilla - Pepe Rodriguez de Vera\" \/>\n<meta property=\"og:description\" content=\"Vino blanco elaborado con el sistema de solera, criado bajo velo de flor en barricas de Jerez durante tres a\u00f1os. Parcelas singulares de Merseguera del Parque Natural de La Mata. Bodega:\u00a0Sopla Levante Zona:\u00a0C. Valenciana Saca:\u00a02022 Tipo:\u00a0Blanco Variedad: 85% Merseguera 15% otras Producci\u00f3n anual: 250 botellas de 0.75L Elaboraci\u00f3n: 24 meses de crianza biol\u00f3gica bajo velo de flor\" \/>\n<meta property=\"og:url\" content=\"https:\/\/rodriguezdevera.com\/en\/producto\/sopla-levante-matanilla\/\" \/>\n<meta property=\"og:site_name\" content=\"Pepe Rodriguez de Vera\" \/>\n<meta property=\"article:publisher\" content=\"https:\/\/es-es.facebook.com\/BodegaRodriguezDeVera\/\" \/>\n<meta property=\"article:modified_time\" content=\"2025-02-12T16:36:30+00:00\" \/>\n<meta property=\"og:image\" content=\"https:\/\/rodriguezdevera.com\/wp-content\/uploads\/2023\/11\/Sopla-Levante-Matanilla-saca-2022-copia.png\" \/>\n\t<meta property=\"og:image:width\" content=\"1000\" \/>\n\t<meta property=\"og:image:height\" content=\"1000\" \/>\n\t<meta property=\"og:image:type\" content=\"image\/png\" \/>\n<meta name=\"twitter:card\" content=\"summary_large_image\" \/>\n<meta name=\"twitter:site\" content=\"@VinoRodeVera\" \/>\n<meta name=\"twitter:label1\" content=\"Est. reading time\" \/>\n\t<meta name=\"twitter:data1\" content=\"1 minute\" \/>\n<script type=\"application\/ld+json\" class=\"yoast-schema-graph\">{\"@context\":\"https:\/\/schema.org\",\"@graph\":[{\"@type\":\"WebPage\",\"@id\":\"https:\/\/rodriguezdevera.com\/en\/producto\/sopla-levante-matanilla\/\",\"url\":\"https:\/\/rodriguezdevera.com\/en\/producto\/sopla-levante-matanilla\/\",\"name\":\"Sopla Levante Matanilla - Pepe Rodriguez de Vera\",\"isPartOf\":{\"@id\":\"https:\/\/rodriguezdevera.com\/en\/#website\"},\"primaryImageOfPage\":{\"@id\":\"https:\/\/rodriguezdevera.com\/en\/producto\/sopla-levante-matanilla\/#primaryimage\"},\"image\":{\"@id\":\"https:\/\/rodriguezdevera.com\/en\/producto\/sopla-levante-matanilla\/#primaryimage\"},\"thumbnailUrl\":\"https:\/\/rodriguezdevera.com\/wp-content\/uploads\/2023\/11\/Sopla-Levante-Matanilla-saca-2022-copia.png\",\"datePublished\":\"2023-07-24T13:28:45+00:00\",\"dateModified\":\"2025-02-12T16:36:30+00:00\",\"breadcrumb\":{\"@id\":\"https:\/\/rodriguezdevera.com\/en\/producto\/sopla-levante-matanilla\/#breadcrumb\"},\"inLanguage\":\"en-US\",\"potentialAction\":[{\"@type\":\"ReadAction\",\"target\":[\"https:\/\/rodriguezdevera.com\/en\/producto\/sopla-levante-matanilla\/\"]}]},{\"@type\":\"ImageObject\",\"inLanguage\":\"en-US\",\"@id\":\"https:\/\/rodriguezdevera.com\/en\/producto\/sopla-levante-matanilla\/#primaryimage\",\"url\":\"https:\/\/rodriguezdevera.com\/wp-content\/uploads\/2023\/11\/Sopla-Levante-Matanilla-saca-2022-copia.png\",\"contentUrl\":\"https:\/\/rodriguezdevera.com\/wp-content\/uploads\/2023\/11\/Sopla-Levante-Matanilla-saca-2022-copia.png\",\"width\":1000,\"height\":1000},{\"@type\":\"BreadcrumbList\",\"@id\":\"https:\/\/rodriguezdevera.com\/en\/producto\/sopla-levante-matanilla\/#breadcrumb\",\"itemListElement\":[{\"@type\":\"ListItem\",\"position\":1,\"name\":\"Portada\",\"item\":\"https:\/\/rodriguezdevera.com\/en\/\"},{\"@type\":\"ListItem\",\"position\":2,\"name\":\"Shop\",\"item\":\"https:\/\/rodriguezdevera.com\/en\/shop\/\"},{\"@type\":\"ListItem\",\"position\":3,\"name\":\"Sopla Levante Matanilla\"}]},{\"@type\":\"WebSite\",\"@id\":\"https:\/\/rodriguezdevera.com\/en\/#website\",\"url\":\"https:\/\/rodriguezdevera.com\/en\/\",\"name\":\"Pepe Rodriguez de Vera\",\"description\":\"\",\"publisher\":{\"@id\":\"https:\/\/rodriguezdevera.com\/en\/#organization\"},\"potentialAction\":[{\"@type\":\"SearchAction\",\"target\":{\"@type\":\"EntryPoint\",\"urlTemplate\":\"https:\/\/rodriguezdevera.com\/en\/?s={search_term_string}\"},\"query-input\":{\"@type\":\"PropertyValueSpecification\",\"valueRequired\":true,\"valueName\":\"search_term_string\"}}],\"inLanguage\":\"en-US\"},{\"@type\":\"Organization\",\"@id\":\"https:\/\/rodriguezdevera.com\/en\/#organization\",\"name\":\"Rodriguez de Vera - Coleccionista de Proyectos\",\"url\":\"https:\/\/rodriguezdevera.com\/en\/\",\"logo\":{\"@type\":\"ImageObject\",\"inLanguage\":\"en-US\",\"@id\":\"https:\/\/rodriguezdevera.com\/en\/#\/schema\/logo\/image\/\",\"url\":\"https:\/\/rodriguezdevera.com\/wp-content\/uploads\/2021\/05\/logov2.png\",\"contentUrl\":\"https:\/\/rodriguezdevera.com\/wp-content\/uploads\/2021\/05\/logov2.png\",\"width\":160,\"height\":162,\"caption\":\"Rodriguez de Vera - Coleccionista de Proyectos\"},\"image\":{\"@id\":\"https:\/\/rodriguezdevera.com\/en\/#\/schema\/logo\/image\/\"},\"sameAs\":[\"https:\/\/es-es.facebook.com\/BodegaRodriguezDeVera\/\",\"https:\/\/x.com\/VinoRodeVera\",\"https:\/\/www.instagram.com\/rodriguezdevera.wine\",\"https:\/\/www.linkedin.com\/company\/rodriguez-de-vera-cellar\/\"]}]}<\/script>\n<!-- \/ Yoast SEO plugin. -->","yoast_head_json":{"title":"Sopla Levante Matanilla - Pepe Rodriguez de Vera","robots":{"index":"index","follow":"follow","max-snippet":"max-snippet:-1","max-image-preview":"max-image-preview:large","max-video-preview":"max-video-preview:-1"},"canonical":"https:\/\/rodriguezdevera.com\/en\/producto\/sopla-levante-matanilla\/","og_locale":"en_US","og_type":"article","og_title":"Sopla Levante Matanilla - Pepe Rodriguez de Vera","og_description":"Vino blanco elaborado con el sistema de solera, criado bajo velo de flor en barricas de Jerez durante tres a\u00f1os. Parcelas singulares de Merseguera del Parque Natural de La Mata. Bodega:\u00a0Sopla Levante Zona:\u00a0C. Valenciana Saca:\u00a02022 Tipo:\u00a0Blanco Variedad: 85% Merseguera 15% otras Producci\u00f3n anual: 250 botellas de 0.75L Elaboraci\u00f3n: 24 meses de crianza biol\u00f3gica bajo velo de flor","og_url":"https:\/\/rodriguezdevera.com\/en\/producto\/sopla-levante-matanilla\/","og_site_name":"Pepe Rodriguez de Vera","article_publisher":"https:\/\/es-es.facebook.com\/BodegaRodriguezDeVera\/","article_modified_time":"2025-02-12T16:36:30+00:00","og_image":[{"width":1000,"height":1000,"url":"https:\/\/rodriguezdevera.com\/wp-content\/uploads\/2023\/11\/Sopla-Levante-Matanilla-saca-2022-copia.png","type":"image\/png"}],"twitter_card":"summary_large_image","twitter_site":"@VinoRodeVera","twitter_misc":{"Est. reading time":"1 minute"},"schema":{"@context":"https:\/\/schema.org","@graph":[{"@type":"WebPage","@id":"https:\/\/rodriguezdevera.com\/en\/producto\/sopla-levante-matanilla\/","url":"https:\/\/rodriguezdevera.com\/en\/producto\/sopla-levante-matanilla\/","name":"Sopla Levante Matanilla - Pepe Rodriguez de Vera","isPartOf":{"@id":"https:\/\/rodriguezdevera.com\/en\/#website"},"primaryImageOfPage":{"@id":"https:\/\/rodriguezdevera.com\/en\/producto\/sopla-levante-matanilla\/#primaryimage"},"image":{"@id":"https:\/\/rodriguezdevera.com\/en\/producto\/sopla-levante-matanilla\/#primaryimage"},"thumbnailUrl":"https:\/\/rodriguezdevera.com\/wp-content\/uploads\/2023\/11\/Sopla-Levante-Matanilla-saca-2022-copia.png","datePublished":"2023-07-24T13:28:45+00:00","dateModified":"2025-02-12T16:36:30+00:00","breadcrumb":{"@id":"https:\/\/rodriguezdevera.com\/en\/producto\/sopla-levante-matanilla\/#breadcrumb"},"inLanguage":"en-US","potentialAction":[{"@type":"ReadAction","target":["https:\/\/rodriguezdevera.com\/en\/producto\/sopla-levante-matanilla\/"]}]},{"@type":"ImageObject","inLanguage":"en-US","@id":"https:\/\/rodriguezdevera.com\/en\/producto\/sopla-levante-matanilla\/#primaryimage","url":"https:\/\/rodriguezdevera.com\/wp-content\/uploads\/2023\/11\/Sopla-Levante-Matanilla-saca-2022-copia.png","contentUrl":"https:\/\/rodriguezdevera.com\/wp-content\/uploads\/2023\/11\/Sopla-Levante-Matanilla-saca-2022-copia.png","width":1000,"height":1000},{"@type":"BreadcrumbList","@id":"https:\/\/rodriguezdevera.com\/en\/producto\/sopla-levante-matanilla\/#breadcrumb","itemListElement":[{"@type":"ListItem","position":1,"name":"Portada","item":"https:\/\/rodriguezdevera.com\/en\/"},{"@type":"ListItem","position":2,"name":"Shop","item":"https:\/\/rodriguezdevera.com\/en\/shop\/"},{"@type":"ListItem","position":3,"name":"Sopla Levante Matanilla"}]},{"@type":"WebSite","@id":"https:\/\/rodriguezdevera.com\/en\/#website","url":"https:\/\/rodriguezdevera.com\/en\/","name":"Pepe Rodriguez de Vera","description":"","publisher":{"@id":"https:\/\/rodriguezdevera.com\/en\/#organization"},"potentialAction":[{"@type":"SearchAction","target":{"@type":"EntryPoint","urlTemplate":"https:\/\/rodriguezdevera.com\/en\/?s={search_term_string}"},"query-input":{"@type":"PropertyValueSpecification","valueRequired":true,"valueName":"search_term_string"}}],"inLanguage":"en-US"},{"@type":"Organization","@id":"https:\/\/rodriguezdevera.com\/en\/#organization","name":"Rodriguez de Vera - Coleccionista de Proyectos","url":"https:\/\/rodriguezdevera.com\/en\/","logo":{"@type":"ImageObject","inLanguage":"en-US","@id":"https:\/\/rodriguezdevera.com\/en\/#\/schema\/logo\/image\/","url":"https:\/\/rodriguezdevera.com\/wp-content\/uploads\/2021\/05\/logov2.png","contentUrl":"https:\/\/rodriguezdevera.com\/wp-content\/uploads\/2021\/05\/logov2.png","width":160,"height":162,"caption":"Rodriguez de Vera - Coleccionista de Proyectos"},"image":{"@id":"https:\/\/rodriguezdevera.com\/en\/#\/schema\/logo\/image\/"},"sameAs":["https:\/\/es-es.facebook.com\/BodegaRodriguezDeVera\/","https:\/\/x.com\/VinoRodeVera","https:\/\/www.instagram.com\/rodriguezdevera.wine","https:\/\/www.linkedin.com\/company\/rodriguez-de-vera-cellar\/"]}]}},"_links":{"self":[{"href":"https:\/\/rodriguezdevera.com\/en\/wp-json\/wp\/v2\/product\/8463","targetHints":{"allow":["GET"]}}],"collection":[{"href":"https:\/\/rodriguezdevera.com\/en\/wp-json\/wp\/v2\/product"}],"about":[{"href":"https:\/\/rodriguezdevera.com\/en\/wp-json\/wp\/v2\/types\/product"}],"replies":[{"embeddable":true,"href":"https:\/\/rodriguezdevera.com\/en\/wp-json\/wp\/v2\/comments?post=8463"}],"wp:featuredmedia":[{"embeddable":true,"href":"https:\/\/rodriguezdevera.com\/en\/wp-json\/wp\/v2\/media\/12194"}],"wp:attachment":[{"href":"https:\/\/rodriguezdevera.com\/en\/wp-json\/wp\/v2\/media?parent=8463"}],"wp:term":[{"taxonomy":"product_cat","embeddable":true,"href":"https:\/\/rodriguezdevera.com\/en\/wp-json\/wp\/v2\/product_cat?post=8463"},{"taxonomy":"product_tag","embeddable":true,"href":"https:\/\/rodriguezdevera.com\/en\/wp-json\/wp\/v2\/product_tag?post=8463"}],"curies":[{"name":"wp","href":"https:\/\/api.w.org\/{rel}","templated":true}]}}