{"id":9953,"date":"2023-12-14T13:49:41","date_gmt":"2023-12-14T12:49:41","guid":{"rendered":"https:\/\/rodriguezdevera.com\/?post_type=product&#038;p=9953"},"modified":"2026-01-06T02:18:03","modified_gmt":"2026-01-06T01:18:03","slug":"guardalobos-clarete","status":"publish","type":"product","link":"https:\/\/rodriguezdevera.com\/en\/producto\/guardalobos-clarete\/","title":{"rendered":"Vi\u00f1adores del Norte Guardalobos Clarete"},"content":{"rendered":"","protected":false},"excerpt":{"rendered":"<p><span class=\"OYPEnA text-decoration-none text-strikethrough-none\">Rar\u00edsimo y limitado clarete (coupage tradicional de uvas blancas y tintas en cofermentaci\u00f3n) con una corta influencia de levadura flor y crianza en barrica francesa y americana. Gastron\u00f3mico y digno de envejecer.<\/span><\/p>\n<p><strong>Bodega:<\/strong> Vi\u00f1adores del Norte<br \/>\n<strong>Zona:<\/strong> Lanciego<br \/>\n<strong>A\u00f1ada:<\/strong> 2022<br \/>\n<strong>Tipo:<\/strong> Clarete<br \/>\n<strong>Variedad:<\/strong> Tempranillo y Viura<br \/>\n<strong>Producci\u00f3n:<\/strong> 850 botellas de 0.75L<br \/>\n<strong>Elaboraci\u00f3n:<\/strong> 12 meses en barrica de roble franc\u00e9s.<\/p>\n","protected":false},"featured_media":12235,"comment_status":"closed","ping_status":"closed","template":"","meta":{"_acf_changed":false},"product_cat":[138,9],"product_tag":[144,142,140,139,141,143],"class_list":{"0":"post-9953","1":"product","2":"type-product","3":"status-publish","4":"has-post-thumbnail","6":"product_cat-vinadores-del-norte","7":"product_cat-vinos","8":"product_tag-clarete","9":"product_tag-pepe-rodriguez-de-vera","10":"product_tag-rioja","11":"product_tag-tempranillo","12":"product_tag-vinadores-del-norte","13":"product_tag-viura","15":"first","16":"instock","17":"featured","18":"shipping-taxable","19":"purchasable","20":"product-type-simple"},"acf":[],"yoast_head":"<!-- This site is optimized with the Yoast SEO plugin v24.8.1 - https:\/\/yoast.com\/wordpress\/plugins\/seo\/ -->\n<title>Vi\u00f1adores del Norte Guardalobos Clarete - Pepe Rodriguez de Vera<\/title>\n<meta name=\"robots\" content=\"index, follow, max-snippet:-1, max-image-preview:large, max-video-preview:-1\" \/>\n<link rel=\"canonical\" href=\"https:\/\/rodriguezdevera.com\/en\/producto\/guardalobos-clarete\/\" \/>\n<meta property=\"og:locale\" content=\"en_US\" \/>\n<meta property=\"og:type\" content=\"article\" \/>\n<meta property=\"og:title\" content=\"Vi\u00f1adores del Norte Guardalobos Clarete - Pepe Rodriguez de Vera\" \/>\n<meta property=\"og:description\" content=\"Rar\u00edsimo y limitado clarete (coupage tradicional de uvas blancas y tintas en cofermentaci\u00f3n) con una corta influencia de levadura flor y crianza en barrica francesa y americana. Gastron\u00f3mico y digno de envejecer.  Bodega: Vi\u00f1adores del Norte Zona: Lanciego A\u00f1ada: 2022 Tipo: Clarete Variedad: Tempranillo y Viura Producci\u00f3n: 850 botellas de 0.75L Elaboraci\u00f3n: 12 meses en barrica de roble franc\u00e9s.\" \/>\n<meta property=\"og:url\" content=\"https:\/\/rodriguezdevera.com\/en\/producto\/guardalobos-clarete\/\" \/>\n<meta property=\"og:site_name\" content=\"Pepe Rodriguez de Vera\" \/>\n<meta property=\"article:publisher\" content=\"https:\/\/es-es.facebook.com\/BodegaRodriguezDeVera\/\" \/>\n<meta property=\"article:modified_time\" content=\"2026-01-06T01:18:03+00:00\" \/>\n<meta property=\"og:image\" content=\"https:\/\/rodriguezdevera.com\/wp-content\/uploads\/2024\/11\/Vinnadores-del-Norte-Guardalobos-Clarete-2022-copia.png\" \/>\n\t<meta property=\"og:image:width\" content=\"1000\" \/>\n\t<meta property=\"og:image:height\" content=\"1000\" \/>\n\t<meta property=\"og:image:type\" content=\"image\/png\" \/>\n<meta name=\"twitter:card\" content=\"summary_large_image\" \/>\n<meta name=\"twitter:site\" content=\"@VinoRodeVera\" \/>\n<meta name=\"twitter:label1\" content=\"Est. reading time\" \/>\n\t<meta name=\"twitter:data1\" content=\"1 minute\" \/>\n<script type=\"application\/ld+json\" class=\"yoast-schema-graph\">{\"@context\":\"https:\/\/schema.org\",\"@graph\":[{\"@type\":\"WebPage\",\"@id\":\"https:\/\/rodriguezdevera.com\/en\/producto\/guardalobos-clarete\/\",\"url\":\"https:\/\/rodriguezdevera.com\/en\/producto\/guardalobos-clarete\/\",\"name\":\"Vi\u00f1adores del Norte Guardalobos Clarete - Pepe Rodriguez de Vera\",\"isPartOf\":{\"@id\":\"https:\/\/rodriguezdevera.com\/en\/#website\"},\"primaryImageOfPage\":{\"@id\":\"https:\/\/rodriguezdevera.com\/en\/producto\/guardalobos-clarete\/#primaryimage\"},\"image\":{\"@id\":\"https:\/\/rodriguezdevera.com\/en\/producto\/guardalobos-clarete\/#primaryimage\"},\"thumbnailUrl\":\"https:\/\/rodriguezdevera.com\/wp-content\/uploads\/2024\/11\/Vinnadores-del-Norte-Guardalobos-Clarete-2022-copia.png\",\"datePublished\":\"2023-12-14T12:49:41+00:00\",\"dateModified\":\"2026-01-06T01:18:03+00:00\",\"breadcrumb\":{\"@id\":\"https:\/\/rodriguezdevera.com\/en\/producto\/guardalobos-clarete\/#breadcrumb\"},\"inLanguage\":\"en-US\",\"potentialAction\":[{\"@type\":\"ReadAction\",\"target\":[\"https:\/\/rodriguezdevera.com\/en\/producto\/guardalobos-clarete\/\"]}]},{\"@type\":\"ImageObject\",\"inLanguage\":\"en-US\",\"@id\":\"https:\/\/rodriguezdevera.com\/en\/producto\/guardalobos-clarete\/#primaryimage\",\"url\":\"https:\/\/rodriguezdevera.com\/wp-content\/uploads\/2024\/11\/Vinnadores-del-Norte-Guardalobos-Clarete-2022-copia.png\",\"contentUrl\":\"https:\/\/rodriguezdevera.com\/wp-content\/uploads\/2024\/11\/Vinnadores-del-Norte-Guardalobos-Clarete-2022-copia.png\",\"width\":1000,\"height\":1000},{\"@type\":\"BreadcrumbList\",\"@id\":\"https:\/\/rodriguezdevera.com\/en\/producto\/guardalobos-clarete\/#breadcrumb\",\"itemListElement\":[{\"@type\":\"ListItem\",\"position\":1,\"name\":\"Portada\",\"item\":\"https:\/\/rodriguezdevera.com\/en\/\"},{\"@type\":\"ListItem\",\"position\":2,\"name\":\"Shop\",\"item\":\"https:\/\/rodriguezdevera.com\/en\/shop\/\"},{\"@type\":\"ListItem\",\"position\":3,\"name\":\"Vi\u00f1adores del Norte Guardalobos Clarete\"}]},{\"@type\":\"WebSite\",\"@id\":\"https:\/\/rodriguezdevera.com\/en\/#website\",\"url\":\"https:\/\/rodriguezdevera.com\/en\/\",\"name\":\"Pepe Rodriguez de Vera\",\"description\":\"\",\"publisher\":{\"@id\":\"https:\/\/rodriguezdevera.com\/en\/#organization\"},\"potentialAction\":[{\"@type\":\"SearchAction\",\"target\":{\"@type\":\"EntryPoint\",\"urlTemplate\":\"https:\/\/rodriguezdevera.com\/en\/?s={search_term_string}\"},\"query-input\":{\"@type\":\"PropertyValueSpecification\",\"valueRequired\":true,\"valueName\":\"search_term_string\"}}],\"inLanguage\":\"en-US\"},{\"@type\":\"Organization\",\"@id\":\"https:\/\/rodriguezdevera.com\/en\/#organization\",\"name\":\"Rodriguez de Vera - Coleccionista de Proyectos\",\"url\":\"https:\/\/rodriguezdevera.com\/en\/\",\"logo\":{\"@type\":\"ImageObject\",\"inLanguage\":\"en-US\",\"@id\":\"https:\/\/rodriguezdevera.com\/en\/#\/schema\/logo\/image\/\",\"url\":\"https:\/\/rodriguezdevera.com\/wp-content\/uploads\/2021\/05\/logov2.png\",\"contentUrl\":\"https:\/\/rodriguezdevera.com\/wp-content\/uploads\/2021\/05\/logov2.png\",\"width\":160,\"height\":162,\"caption\":\"Rodriguez de Vera - Coleccionista de Proyectos\"},\"image\":{\"@id\":\"https:\/\/rodriguezdevera.com\/en\/#\/schema\/logo\/image\/\"},\"sameAs\":[\"https:\/\/es-es.facebook.com\/BodegaRodriguezDeVera\/\",\"https:\/\/x.com\/VinoRodeVera\",\"https:\/\/www.instagram.com\/rodriguezdevera.wine\",\"https:\/\/www.linkedin.com\/company\/rodriguez-de-vera-cellar\/\"]}]}<\/script>\n<!-- \/ Yoast SEO plugin. -->","yoast_head_json":{"title":"Vi\u00f1adores del Norte Guardalobos Clarete - Pepe Rodriguez de Vera","robots":{"index":"index","follow":"follow","max-snippet":"max-snippet:-1","max-image-preview":"max-image-preview:large","max-video-preview":"max-video-preview:-1"},"canonical":"https:\/\/rodriguezdevera.com\/en\/producto\/guardalobos-clarete\/","og_locale":"en_US","og_type":"article","og_title":"Vi\u00f1adores del Norte Guardalobos Clarete - Pepe Rodriguez de Vera","og_description":"Rar\u00edsimo y limitado clarete (coupage tradicional de uvas blancas y tintas en cofermentaci\u00f3n) con una corta influencia de levadura flor y crianza en barrica francesa y americana. Gastron\u00f3mico y digno de envejecer.  Bodega: Vi\u00f1adores del Norte Zona: Lanciego A\u00f1ada: 2022 Tipo: Clarete Variedad: Tempranillo y Viura Producci\u00f3n: 850 botellas de 0.75L Elaboraci\u00f3n: 12 meses en barrica de roble franc\u00e9s.","og_url":"https:\/\/rodriguezdevera.com\/en\/producto\/guardalobos-clarete\/","og_site_name":"Pepe Rodriguez de Vera","article_publisher":"https:\/\/es-es.facebook.com\/BodegaRodriguezDeVera\/","article_modified_time":"2026-01-06T01:18:03+00:00","og_image":[{"width":1000,"height":1000,"url":"https:\/\/rodriguezdevera.com\/wp-content\/uploads\/2024\/11\/Vinnadores-del-Norte-Guardalobos-Clarete-2022-copia.png","type":"image\/png"}],"twitter_card":"summary_large_image","twitter_site":"@VinoRodeVera","twitter_misc":{"Est. reading time":"1 minute"},"schema":{"@context":"https:\/\/schema.org","@graph":[{"@type":"WebPage","@id":"https:\/\/rodriguezdevera.com\/en\/producto\/guardalobos-clarete\/","url":"https:\/\/rodriguezdevera.com\/en\/producto\/guardalobos-clarete\/","name":"Vi\u00f1adores del Norte Guardalobos Clarete - Pepe Rodriguez de Vera","isPartOf":{"@id":"https:\/\/rodriguezdevera.com\/en\/#website"},"primaryImageOfPage":{"@id":"https:\/\/rodriguezdevera.com\/en\/producto\/guardalobos-clarete\/#primaryimage"},"image":{"@id":"https:\/\/rodriguezdevera.com\/en\/producto\/guardalobos-clarete\/#primaryimage"},"thumbnailUrl":"https:\/\/rodriguezdevera.com\/wp-content\/uploads\/2024\/11\/Vinnadores-del-Norte-Guardalobos-Clarete-2022-copia.png","datePublished":"2023-12-14T12:49:41+00:00","dateModified":"2026-01-06T01:18:03+00:00","breadcrumb":{"@id":"https:\/\/rodriguezdevera.com\/en\/producto\/guardalobos-clarete\/#breadcrumb"},"inLanguage":"en-US","potentialAction":[{"@type":"ReadAction","target":["https:\/\/rodriguezdevera.com\/en\/producto\/guardalobos-clarete\/"]}]},{"@type":"ImageObject","inLanguage":"en-US","@id":"https:\/\/rodriguezdevera.com\/en\/producto\/guardalobos-clarete\/#primaryimage","url":"https:\/\/rodriguezdevera.com\/wp-content\/uploads\/2024\/11\/Vinnadores-del-Norte-Guardalobos-Clarete-2022-copia.png","contentUrl":"https:\/\/rodriguezdevera.com\/wp-content\/uploads\/2024\/11\/Vinnadores-del-Norte-Guardalobos-Clarete-2022-copia.png","width":1000,"height":1000},{"@type":"BreadcrumbList","@id":"https:\/\/rodriguezdevera.com\/en\/producto\/guardalobos-clarete\/#breadcrumb","itemListElement":[{"@type":"ListItem","position":1,"name":"Portada","item":"https:\/\/rodriguezdevera.com\/en\/"},{"@type":"ListItem","position":2,"name":"Shop","item":"https:\/\/rodriguezdevera.com\/en\/shop\/"},{"@type":"ListItem","position":3,"name":"Vi\u00f1adores del Norte Guardalobos Clarete"}]},{"@type":"WebSite","@id":"https:\/\/rodriguezdevera.com\/en\/#website","url":"https:\/\/rodriguezdevera.com\/en\/","name":"Pepe Rodriguez de Vera","description":"","publisher":{"@id":"https:\/\/rodriguezdevera.com\/en\/#organization"},"potentialAction":[{"@type":"SearchAction","target":{"@type":"EntryPoint","urlTemplate":"https:\/\/rodriguezdevera.com\/en\/?s={search_term_string}"},"query-input":{"@type":"PropertyValueSpecification","valueRequired":true,"valueName":"search_term_string"}}],"inLanguage":"en-US"},{"@type":"Organization","@id":"https:\/\/rodriguezdevera.com\/en\/#organization","name":"Rodriguez de Vera - Coleccionista de Proyectos","url":"https:\/\/rodriguezdevera.com\/en\/","logo":{"@type":"ImageObject","inLanguage":"en-US","@id":"https:\/\/rodriguezdevera.com\/en\/#\/schema\/logo\/image\/","url":"https:\/\/rodriguezdevera.com\/wp-content\/uploads\/2021\/05\/logov2.png","contentUrl":"https:\/\/rodriguezdevera.com\/wp-content\/uploads\/2021\/05\/logov2.png","width":160,"height":162,"caption":"Rodriguez de Vera - Coleccionista de Proyectos"},"image":{"@id":"https:\/\/rodriguezdevera.com\/en\/#\/schema\/logo\/image\/"},"sameAs":["https:\/\/es-es.facebook.com\/BodegaRodriguezDeVera\/","https:\/\/x.com\/VinoRodeVera","https:\/\/www.instagram.com\/rodriguezdevera.wine","https:\/\/www.linkedin.com\/company\/rodriguez-de-vera-cellar\/"]}]}},"_links":{"self":[{"href":"https:\/\/rodriguezdevera.com\/en\/wp-json\/wp\/v2\/product\/9953","targetHints":{"allow":["GET"]}}],"collection":[{"href":"https:\/\/rodriguezdevera.com\/en\/wp-json\/wp\/v2\/product"}],"about":[{"href":"https:\/\/rodriguezdevera.com\/en\/wp-json\/wp\/v2\/types\/product"}],"replies":[{"embeddable":true,"href":"https:\/\/rodriguezdevera.com\/en\/wp-json\/wp\/v2\/comments?post=9953"}],"wp:featuredmedia":[{"embeddable":true,"href":"https:\/\/rodriguezdevera.com\/en\/wp-json\/wp\/v2\/media\/12235"}],"wp:attachment":[{"href":"https:\/\/rodriguezdevera.com\/en\/wp-json\/wp\/v2\/media?parent=9953"}],"wp:term":[{"taxonomy":"product_cat","embeddable":true,"href":"https:\/\/rodriguezdevera.com\/en\/wp-json\/wp\/v2\/product_cat?post=9953"},{"taxonomy":"product_tag","embeddable":true,"href":"https:\/\/rodriguezdevera.com\/en\/wp-json\/wp\/v2\/product_tag?post=9953"}],"curies":[{"name":"wp","href":"https:\/\/api.w.org\/{rel}","templated":true}]}}